{"id":14726,"date":"2020-05-30T15:12:50","date_gmt":"2020-05-30T15:12:50","guid":{"rendered":"http:\/\/localhost\/?page_id=14726"},"modified":"2025-03-20T21:00:08","modified_gmt":"2025-03-20T18:00:08","slug":"privacy","status":"publish","type":"page","link":"https:\/\/gastroferma.com\/ro\/privacy\/","title":{"rendered":"Privacy"},"content":{"rendered":"<div data-elementor-type=\"wp-page\" data-elementor-id=\"14726\" class=\"elementor elementor-14726\">\n\t\t\t\t<div class=\"elementor-element elementor-element-c52035a e-flex e-con-boxed e-con e-parent\" data-id=\"c52035a\" data-element_type=\"container\">\n\t\t\t\t\t<div class=\"e-con-inner\">\n\t\t\t\t<div class=\"elementor-element elementor-element-01cf315 elementor-widget elementor-widget-text-editor\" data-id=\"01cf315\" data-element_type=\"widget\" data-widget_type=\"text-editor.default\">\n\t\t\t\t<div class=\"elementor-widget-container\">\n\t\t\t\t\t\t\t\t\t<h4 class=\"s3\" style=\"text-align: center;\"><strong><span class=\"s2\">Politica de confiden\u021bialitate \u0219i prelucrare a datelor cu caracter personal<\/span><\/strong><\/h4><p class=\"s5\"><span class=\"s4\">Magazinul online <\/span><span class=\"s4\">gastroferma.com, \u201eAmorus Tur Rural\u201d S.R.L.<\/span><span class=\"s4\"> acord\u0103 o mare aten\u021bie protec\u021biei datelor personale ale utilizatorilor s\u0103i. Utilizatorii magazinului online <\/span><span class=\"s4\">gastroferma.com, \u201eAmorus Tur Rural\u201d S.R.L.<\/span> <span class=\"s4\">pot vizualiza paginile site-ului f\u0103r\u0103 a furniza date personale despre ei \u00een\u0219i\u0219i. Cu toate acestea, pentru a oferi servicii legate de achizi\u021bionarea de bunuri prezentate \u00een magazinul nostru online, avem nevoie de informa\u021biile dvs. de contact pentru a v\u0103 putea contacta, confirma comanda \u0219i v\u0103 livr\u0103m bunurile comandate. Protej\u0103m confiden\u021bialitatea datelor dumneavoastr\u0103 cu caracter personal \u0219i le transfer\u0103m c\u0103tre ter\u021bi numai \u00een cazurile specificate mai jos \u00een aceast\u0103 Politic\u0103.<\/span><\/p><p class=\"s7\"><strong><span class=\"s6\">1. Dispozi\u021bii generale<\/span><\/strong><\/p><p class=\"s5\"><span class=\"s4\">1.1 Aceast\u0103 Politic\u0103 de confiden\u021bialitate stabile\u0219te procedura de ob\u021binere, stocare, prelucrare, utilizare \u0219i dezv\u0103luire a datelor personale ale utilizatorului. Primim datele personale ale utilizatorului de la utilizator la plasarea unei comenzi prin co\u0219ul de cump\u0103r\u0103turi al magazinului<\/span><span class=\"s4\">. <\/span><span class=\"s4\">Datele personale ale utilizatorului sunt completate de c\u0103tre Utilizator (la plasarea unei comenzi prin co\u0219ul de cump\u0103r\u0103turi al magazinului). Informa\u021biile necesare pentru prestarea serviciului sunt indicate \u00een mod special. Alte informa\u021bii sunt furnizate de utilizator la discre\u021bia sa.<\/span><\/p><p class=\"s5\"><span class=\"s4\">1.2 Confiden\u021bialitatea datelor cu caracter personal este o condi\u021bie obligatorie pentru ca magazinul s\u0103 respecte accesul la datele personale ale utilizatorului, cu cerin\u021ba de a nu permite distribuirea acestora f\u0103r\u0103 acordul utilizatorului sau alte temeiuri legale.<\/span><\/p><p class=\"s5\"><span class=\"s4\">1.3 Utilizarea de c\u0103tre Utilizator a site-ului magazinului online <\/span><span class=\"s4\">gastroferma.com, \u201eAmorus Tur Rural\u201d S.R.L.<\/span><span class=\"s4\">\u00a0\u00eenseamn\u0103 acceptarea acestei Politici de confiden\u021bialitate \u0219i a termenilor de prelucrare a datelor personale ale utilizatorului.<\/span><\/p><p class=\"s5\"><span class=\"s4\">1.4 \u00cen caz de dezacord cu termenii Politicii, Utilizatorul trebuie s\u0103 \u00eenceteze utilizarea site-ului magazinului online <\/span><span class=\"s4\">gastroferma.com, \u201eAmorus Tur Rural\u201d S.R.L.<\/span><span class=\"s4\">.<\/span><\/p><p class=\"s5\"><span class=\"s4\">1.5 Aceast\u0103 Politic\u0103 se aplic\u0103 numai site-ului magazinului online <\/span><span class=\"s4\">gastroferma.com, \u201eAmorus Tur Rural\u201d S.R.L.<\/span><span class=\"s4\">. Magazinul online <\/span><span class=\"s4\">gastroferma.com, \u201eAmorus Tur Rural\u201d S.R.L.<\/span><span class=\"s4\">\u00a0nu controleaz\u0103 \u0219i nu este responsabil pentru site-urile ter\u021bilor pe care Utilizatorul le poate accesa prin link-uri disponibile pe site-ul magazinului online <\/span><span class=\"s4\">gastroferma.com, \u201eAmorus Tur Rural\u201d S.R.L.<\/span><span class=\"s4\">.<\/span><\/p><p class=\"s8\"><span class=\"s4\">1.6 Administra\u021bia site-ului nu verific\u0103 acurate\u021bea datelor personale furnizate de Utilizatorul site-ului magazinului online.<\/span><\/p><p class=\"s7\" style=\"text-align: center;\"><strong><span class=\"s6\">2. Date personale<\/span><\/strong><\/p><p class=\"s5\"><span class=\"s4\">2.1 Magazinul online <\/span><span class=\"s4\">gastroferma.com, \u201eAmorus Tur Rural\u201d S.R.L.<\/span><span class=\"s4\">\u00a0colecteaz\u0103 date personale, \u0219i anume: prenume, prenume, num\u0103r de telefon de contact, adresa de e-mail, adresa de livrare. <\/span><\/p><p class=\"s5\"><span class=\"s4\">2.2 Alte informa\u021bii sunt furnizate de utilizator la discre\u021bia sa.<\/span><\/p><p class=\"s5\"><span class=\"s4\">2.3 Magazinul online <\/span><span class=\"s4\">gastroferma.com, \u201eAmorus Tur Rural\u201d S.R.L.<\/span><span class=\"s4\">\u00a0nu colecteaz\u0103 adrese IP ale utilizatorilor.<\/span><\/p><p class=\"s7\" style=\"text-align: center;\"><strong><span class=\"s6\">3. Scopurile colect\u0103rii \u0219i prelucr\u0103rii datelor cu caracter personal ale utilizatorilor<\/span><\/strong><\/p><p class=\"s8\"><span class=\"s4\">3.1 Magazinul online <\/span><span class=\"s4\">gastroferma.com, \u201eAmorus Tur Rural\u201d S.R.L.<\/span><span class=\"s4\">\u00a0colecteaz\u0103 \u0219i stocheaz\u0103 doar acele date personale care sunt necesare pentru a furniza servicii de v\u00e2nzare \u0219i livrare a bunurilor pe care le-a\u021bi comandat.<\/span><\/p><p class=\"s8\"><span class=\"s4\">3.2 Magazinul online <\/span><span class=\"s4\">gastroferma.com, \u201eAmorus Tur Rural\u201d S.R.L.<\/span><span class=\"s4\">\u00a0colecteaz\u0103 date pentru comunicarea cu Utilizatorul, inclusiv notific\u0103ri despre prestarea serviciilor, informarea utilizatorului despre disponibilitatea bunurilor, confirmarea comenzii, livrarea m\u0103rfurilor comandate de Utilizator, pentru comunicarea \u00eentre curier. serviciul \u0219i utilizatorul, precum \u0219i pentru procesarea cererilor \u0219i solicit\u0103rilor din partea utilizatorului.<\/span><\/p><p class=\"s8\"><span class=\"s4\">3.3 Prelucrarea datelor cu caracter personal ale Utilizatorului se realizeaz\u0103 f\u0103r\u0103 limit\u0103 de timp, \u00een orice mod legal.<\/span><\/p><p class=\"s7\" style=\"text-align: center;\"><strong><span class=\"s6\">4. Condi\u021bii pentru acordarea accesului la baza de date<\/span><\/strong><\/p><p class=\"s5\"><span class=\"s4\">4.1 Nu transfer\u0103m datele personale ale utilizatorului c\u0103tre ter\u021bi, cu excep\u021bia cazurilor specificate de legisla\u021bia\u00a0Moldova\u00a0\u0219i de aceast\u0103 Politic\u0103.<\/span><\/p><p class=\"s5\"><span class=\"s4\">4.2 Dezv\u0103luirea datelor personale ale utilizatorului se realizeaz\u0103 atunci c\u00e2nd Utilizatorul comand\u0103 bunuri \u00een magazinul online <\/span><span class=\"s4\">gastroferma.com, \u201eAmorus Tur Rural\u201d S.R.L.<\/span><span class=\"s4\">. \u00cen special, Utilizatorul este de acord c\u0103 magazinul online <\/span><span class=\"s4\">gastroferma.com, \u201eAmorus Tur Rural\u201d S.R.L.<\/span><span class=\"s4\">\u00a0are dreptul de a transfera datele personale c\u0103tre serviciile de curierat, organiza\u021biile po\u0219tale, operatorii de telecomunica\u021bii, exclusiv \u00een scopul \u00eendeplinirii comenzii Utilizatorului plasate pe site-ul magazinului online <\/span><span class=\"s4\">gastroferma.com, \u201eAmorus Tur Rural\u201d S.R.L.<\/span><span class=\"s4\">, inclusiv livrarea Bunurilor.<\/span><\/p><p class=\"s5\"><span class=\"s4\">4.3 \u00cen cazul pierderii sau dezv\u0103luirii datelor cu caracter personal, magazinul online <\/span><span class=\"s4\">gastroferma.com, \u201eAmorus Tur Rural\u201d S.R.L.<\/span><span class=\"s4\">\u00a0informeaz\u0103 utilizatorul despre pierderea sau dezv\u0103luirea datelor cu caracter personal.<\/span><\/p><p class=\"s5\"><span class=\"s4\">4.4 Magazinul online <\/span><span class=\"s4\">gastroferma.com, \u201eAmorus Tur Rural\u201d S.R.L.<\/span><span class=\"s4\">\u00a0ia m\u0103surile organizatorice \u0219i tehnice necesare pentru a proteja informa\u021biile personale ale utilizatorului de accesul neautorizat sau accidental, distrugerea, denaturarea, blocarea, copierea, distribuirea, precum \u0219i de alte ac\u021biuni ilegale ale ter\u021bilor.<\/span><\/p><p class=\"s7\" style=\"text-align: center;\"><strong><span class=\"s6\">5<\/span><span class=\"s6\">. Modific\u0103ri ale Politicii de confiden\u021bialitate<\/span><\/strong><\/p><p class=\"s5\"><span class=\"s4\">5<\/span><span class=\"s4\">.1 Avem dreptul de a modifica termenii Politicii de confiden\u021bialitate. \u00cen acest caz, vom \u00eenlocui versiunea documentului de pe pagina \u201ePolitica de confiden\u021bialitate\u201d. V\u0103 rug\u0103m s\u0103 revizui\u021bi periodic ace\u0219ti termeni pentru a fi informat despre modul \u00een care magazinul online <\/span><span class=\"s4\">gastroferma.com, \u201eAmorus Tur Rural\u201d S.R.L.<\/span><span class=\"s4\">\u00a0protejeaz\u0103 datele personale ale utilizatorilor s\u0103i.<\/span><\/p><p class=\"s7\"><span class=\"s6\">6<\/span><span class=\"s6\">. Reguli de utilizare a materialelor postate pe Site<\/span><\/p><p class=\"s5\"><span class=\"s4\">6<\/span><span class=\"s4\">.1. Site-ul con\u021bine materiale, m\u0103rci comerciale, denumiri comerciale \u0219i alte materiale protejate de lege, inclusiv, dar f\u0103r\u0103 a se limita la, texte, fotografii, grafic\u0103, lucr\u0103ri muzicale \u0219i sonore.<\/span><\/p><p class=\"s5\"><span class=\"s4\">6<\/span><span class=\"s4\">.2. Tot con\u021binutul site-ului este proprietatea magazinului online \u0219i este protejat de legisla\u021bia\u00a0Moldova.<\/span><\/p><p class=\"s5\"><span class=\"s4\">6<\/span><span class=\"s4\">.3. Cump\u0103r\u0103torul nu are dreptul de a utiliza materiale postate pe Site, cum ar fi: s\u0103 fac\u0103 modific\u0103ri, s\u0103 publice, s\u0103 transfere c\u0103tre ter\u021bi, s\u0103 participe la v\u00e2nzare sau cesiune, s\u0103 creeze produse derivate etc. f\u0103r\u0103 acordul prealabil scris al magazinului online .<\/span><\/p><p class=\"s7\"><span class=\"s6\">8. Feedback. \u00centreb\u0103ri \u0219i sugestii<\/span><\/p><p class=\"s8\"><span class=\"s4\">8.1 Toate sugestiile sau \u00eentreb\u0103rile referitoare la aceast\u0103 politic\u0103 trebuie raportate serviciului de asisten\u021b\u0103 al magazinului online <\/span><span class=\"s4\">gastroferma.com, \u201eAmorus Tur Rural\u201d S.R.L.<\/span><span class=\"s4\">\u00a0la <\/span><a name=\"_Hlk177999552\"><\/a><span class=\"s4\">fromagerie.gastroferma<\/span><span class=\"s4\">@<\/span><span class=\"s4\">gmail.com<\/span><span class=\"s4\">.<\/span><\/p><p>\u00a0<\/p>\t\t\t\t\t\t\t\t<\/div>\n\t\t\t\t<\/div>\n\t\t\t\t\t<\/div>\n\t\t\t\t<\/div>\n\t\t\t\t<\/div>","protected":false},"excerpt":{"rendered":"<p>Politica de confiden\u021bialitate \u0219i prelucrare a datelor cu caracter personal Magazinul online gastroferma.com, \u201eAmorus Tur Rural\u201d S.R.L. acord\u0103 o mare aten\u021bie protec\u021biei datelor personale ale utilizatorilor s\u0103i. Utilizatorii magazinului online gastroferma.com, \u201eAmorus Tur Rural\u201d S.R.L. pot vizualiza paginile site-ului f\u0103r\u0103 a furniza date personale despre ei \u00een\u0219i\u0219i. Cu toate acestea, pentru a oferi servicii legate [&hellip;]<\/p>","protected":false},"author":1,"featured_media":0,"parent":0,"menu_order":0,"comment_status":"closed","ping_status":"closed","template":"","meta":{"footnotes":""},"class_list":["post-14726","page","type-page","status-publish","hentry"],"_links":{"self":[{"href":"https:\/\/gastroferma.com\/ro\/wp-json\/wp\/v2\/pages\/14726","targetHints":{"allow":["GET"]}}],"collection":[{"href":"https:\/\/gastroferma.com\/ro\/wp-json\/wp\/v2\/pages"}],"about":[{"href":"https:\/\/gastroferma.com\/ro\/wp-json\/wp\/v2\/types\/page"}],"author":[{"embeddable":true,"href":"https:\/\/gastroferma.com\/ro\/wp-json\/wp\/v2\/users\/1"}],"replies":[{"embeddable":true,"href":"https:\/\/gastroferma.com\/ro\/wp-json\/wp\/v2\/comments?post=14726"}],"version-history":[{"count":3,"href":"https:\/\/gastroferma.com\/ro\/wp-json\/wp\/v2\/pages\/14726\/revisions"}],"predecessor-version":[{"id":43808,"href":"https:\/\/gastroferma.com\/ro\/wp-json\/wp\/v2\/pages\/14726\/revisions\/43808"}],"wp:attachment":[{"href":"https:\/\/gastroferma.com\/ro\/wp-json\/wp\/v2\/media?parent=14726"}],"curies":[{"name":"wp","href":"https:\/\/api.w.org\/{rel}","templated":true}]}}