{"id":29531,"date":"2021-12-05T19:50:15","date_gmt":"2021-12-05T19:50:15","guid":{"rendered":"http:\/\/localhost\/?page_id=29531"},"modified":"2025-03-25T19:55:55","modified_gmt":"2025-03-25T16:55:55","slug":"about-us","status":"publish","type":"page","link":"https:\/\/gastroferma.com\/ro\/about-us\/","title":{"rendered":"Despre Noi"},"content":{"rendered":"<div data-elementor-type=\"wp-page\" data-elementor-id=\"29531\" class=\"elementor elementor-29531\">\n\t\t\t\t<div class=\"elementor-element elementor-element-60d7e49 e-con-full lte-background-gray e-flex e-con e-parent\" data-id=\"60d7e49\" data-element_type=\"container\" data-settings=\"{&quot;background_background&quot;:&quot;classic&quot;}\">\n\t\t<div class=\"elementor-element elementor-element-d375b4c lte-offset-right e-con-full e-flex e-con e-child\" data-id=\"d375b4c\" data-element_type=\"container\">\n\t\t\t\t<div class=\"elementor-element elementor-element-a68c186 elementor-widget__width-initial lte-heading-align-tablet_extra-center lte-watermark-offset-1 elementor-widget elementor-widget-lte-header\" data-id=\"a68c186\" data-element_type=\"widget\" data-widget_type=\"lte-header.default\">\n\t\t\t\t<div class=\"elementor-widget-container\">\n\t\t\t\t\t<div class=\"lte-heading lte-style-header-subheader heading-tag-h4 heading-subtag-h6\"><div class=\"lte-heading-content\"><h4 class=\"lte-header\">Fromageria noastr\u0103 nu este doar un loc de producere, ci \u0219i un loc pitoresc pentru vizite. V\u0103 invit\u0103m s\u0103 ne vizita\u021bi!<\/h4><\/div><\/div>\t\t\t\t<\/div>\n\t\t\t\t<\/div>\n\t\t\t\t<div class=\"elementor-element elementor-element-38f43ee lte-gap-no elementor-widget elementor-widget-lte-gallery\" data-id=\"38f43ee\" data-element_type=\"widget\" data-widget_type=\"lte-gallery.default\">\n\t\t\t\t<div class=\"elementor-widget-container\">\n\t\t\t\t\t<div class=\"lte-swiper-slider-wrapper\"><div class=\"lte-swiper-slider swiper swiper-container lte-gallery-sc lte-gallery-slider swipebox-gallery\" data-space-between=\"30\" data-arrows=\"top\" data-arrows-mobile=\"md\" data-autoplay=\"1000\" data-autoplay-interaction=\"\" data-loop=\"1\" data-speed=\"1500\" data-effect=\"slide\" data-slides-per-group=\"-1\" data-touch-move=\"1\" data-pagination=\"false\" data-breakpoints=\"5;4;4;3;3;1\"><div class=\"swiper-wrapper\"><a href=\"http:\/\/localhost\/wp-content\/uploads\/2024\/08\/Gallery-1.jpeg\" class=\"i-1 swipebox lte-gallery swiper-slide\"><img loading=\"lazy\" decoding=\"async\" width=\"480\" height=\"720\" src=\"https:\/\/gastroferma.com\/wp-content\/uploads\/2024\/08\/Gallery-1-480x720.jpeg\" class=\"attachment-milatte-services size-milatte-services\" alt=\"\" srcset=\"https:\/\/gastroferma.com\/wp-content\/uploads\/2024\/08\/Gallery-1-480x720.jpeg 480w, https:\/\/gastroferma.com\/wp-content\/uploads\/2024\/08\/Gallery-1-200x300.jpeg 200w, https:\/\/gastroferma.com\/wp-content\/uploads\/2024\/08\/Gallery-1-683x1024.jpeg 683w, https:\/\/gastroferma.com\/wp-content\/uploads\/2024\/08\/Gallery-1-768x1152.jpeg 768w, https:\/\/gastroferma.com\/wp-content\/uploads\/2024\/08\/Gallery-1-1024x1536.jpeg 1024w, https:\/\/gastroferma.com\/wp-content\/uploads\/2024\/08\/Gallery-1-1365x2048.jpeg 1365w, https:\/\/gastroferma.com\/wp-content\/uploads\/2024\/08\/Gallery-1-8x12.jpeg 8w, https:\/\/gastroferma.com\/wp-content\/uploads\/2024\/08\/Gallery-1-333x500.jpeg 333w, https:\/\/gastroferma.com\/wp-content\/uploads\/2024\/08\/Gallery-1-67x100.jpeg 67w, https:\/\/gastroferma.com\/wp-content\/uploads\/2024\/08\/Gallery-1-427x640.jpeg 427w, https:\/\/gastroferma.com\/wp-content\/uploads\/2024\/08\/Gallery-1-833x1250.jpeg 833w, https:\/\/gastroferma.com\/wp-content\/uploads\/2024\/08\/Gallery-1-533x800.jpeg 533w, https:\/\/gastroferma.com\/wp-content\/uploads\/2024\/08\/Gallery-1-600x900.jpeg 600w\" sizes=\"auto, (max-width: 480px) 100vw, 480px\" \/><\/a><a href=\"http:\/\/localhost\/wp-content\/uploads\/2024\/08\/Gallery-2.jpeg\" class=\"i-2 swipebox lte-gallery swiper-slide\"><img loading=\"lazy\" decoding=\"async\" width=\"480\" height=\"720\" src=\"https:\/\/gastroferma.com\/wp-content\/uploads\/2024\/08\/Gallery-2-480x720.jpeg\" class=\"attachment-milatte-services size-milatte-services\" alt=\"\" srcset=\"https:\/\/gastroferma.com\/wp-content\/uploads\/2024\/08\/Gallery-2-480x720.jpeg 480w, https:\/\/gastroferma.com\/wp-content\/uploads\/2024\/08\/Gallery-2-200x300.jpeg 200w, https:\/\/gastroferma.com\/wp-content\/uploads\/2024\/08\/Gallery-2-683x1024.jpeg 683w, https:\/\/gastroferma.com\/wp-content\/uploads\/2024\/08\/Gallery-2-768x1152.jpeg 768w, https:\/\/gastroferma.com\/wp-content\/uploads\/2024\/08\/Gallery-2-1024x1536.jpeg 1024w, https:\/\/gastroferma.com\/wp-content\/uploads\/2024\/08\/Gallery-2-1365x2048.jpeg 1365w, https:\/\/gastroferma.com\/wp-content\/uploads\/2024\/08\/Gallery-2-8x12.jpeg 8w, https:\/\/gastroferma.com\/wp-content\/uploads\/2024\/08\/Gallery-2-333x500.jpeg 333w, https:\/\/gastroferma.com\/wp-content\/uploads\/2024\/08\/Gallery-2-67x100.jpeg 67w, https:\/\/gastroferma.com\/wp-content\/uploads\/2024\/08\/Gallery-2-427x640.jpeg 427w, https:\/\/gastroferma.com\/wp-content\/uploads\/2024\/08\/Gallery-2-833x1250.jpeg 833w, https:\/\/gastroferma.com\/wp-content\/uploads\/2024\/08\/Gallery-2-533x800.jpeg 533w, https:\/\/gastroferma.com\/wp-content\/uploads\/2024\/08\/Gallery-2-600x900.jpeg 600w\" sizes=\"auto, (max-width: 480px) 100vw, 480px\" \/><\/a><a href=\"http:\/\/localhost\/wp-content\/uploads\/2024\/08\/Gallery-3.jpeg\" class=\"i-3 swipebox lte-gallery swiper-slide\"><img loading=\"lazy\" decoding=\"async\" width=\"500\" height=\"667\" src=\"https:\/\/gastroferma.com\/wp-content\/uploads\/2024\/08\/Gallery-3-500x667.jpeg\" class=\"attachment-milatte-services size-milatte-services\" alt=\"\" srcset=\"https:\/\/gastroferma.com\/wp-content\/uploads\/2024\/08\/Gallery-3-500x667.jpeg 500w, https:\/\/gastroferma.com\/wp-content\/uploads\/2024\/08\/Gallery-3-225x300.jpeg 225w, https:\/\/gastroferma.com\/wp-content\/uploads\/2024\/08\/Gallery-3-768x1024.jpeg 768w, https:\/\/gastroferma.com\/wp-content\/uploads\/2024\/08\/Gallery-3-1152x1536.jpeg 1152w, https:\/\/gastroferma.com\/wp-content\/uploads\/2024\/08\/Gallery-3-1536x2048.jpeg 1536w, https:\/\/gastroferma.com\/wp-content\/uploads\/2024\/08\/Gallery-3-9x12.jpeg 9w, https:\/\/gastroferma.com\/wp-content\/uploads\/2024\/08\/Gallery-3-375x500.jpeg 375w, https:\/\/gastroferma.com\/wp-content\/uploads\/2024\/08\/Gallery-3-75x100.jpeg 75w, https:\/\/gastroferma.com\/wp-content\/uploads\/2024\/08\/Gallery-3-450x600.jpeg 450w, https:\/\/gastroferma.com\/wp-content\/uploads\/2024\/08\/Gallery-3-938x1250.jpeg 938w, https:\/\/gastroferma.com\/wp-content\/uploads\/2024\/08\/Gallery-3-600x800.jpeg 600w, https:\/\/gastroferma.com\/wp-content\/uploads\/2024\/08\/Gallery-3-480x640.jpeg 480w\" sizes=\"auto, (max-width: 500px) 100vw, 500px\" \/><\/a><a href=\"http:\/\/localhost\/wp-content\/uploads\/2024\/08\/Gallery-4.jpeg\" class=\"i-4 swipebox lte-gallery swiper-slide\"><img loading=\"lazy\" decoding=\"async\" width=\"480\" height=\"720\" src=\"https:\/\/gastroferma.com\/wp-content\/uploads\/2024\/08\/Gallery-4-480x720.jpeg\" class=\"attachment-milatte-services size-milatte-services\" alt=\"\" srcset=\"https:\/\/gastroferma.com\/wp-content\/uploads\/2024\/08\/Gallery-4-480x720.jpeg 480w, https:\/\/gastroferma.com\/wp-content\/uploads\/2024\/08\/Gallery-4-200x300.jpeg 200w, https:\/\/gastroferma.com\/wp-content\/uploads\/2024\/08\/Gallery-4-683x1024.jpeg 683w, https:\/\/gastroferma.com\/wp-content\/uploads\/2024\/08\/Gallery-4-768x1152.jpeg 768w, https:\/\/gastroferma.com\/wp-content\/uploads\/2024\/08\/Gallery-4-1024x1536.jpeg 1024w, https:\/\/gastroferma.com\/wp-content\/uploads\/2024\/08\/Gallery-4-1365x2048.jpeg 1365w, https:\/\/gastroferma.com\/wp-content\/uploads\/2024\/08\/Gallery-4-8x12.jpeg 8w, https:\/\/gastroferma.com\/wp-content\/uploads\/2024\/08\/Gallery-4-333x500.jpeg 333w, https:\/\/gastroferma.com\/wp-content\/uploads\/2024\/08\/Gallery-4-67x100.jpeg 67w, https:\/\/gastroferma.com\/wp-content\/uploads\/2024\/08\/Gallery-4-427x640.jpeg 427w, https:\/\/gastroferma.com\/wp-content\/uploads\/2024\/08\/Gallery-4-833x1250.jpeg 833w, https:\/\/gastroferma.com\/wp-content\/uploads\/2024\/08\/Gallery-4-533x800.jpeg 533w, https:\/\/gastroferma.com\/wp-content\/uploads\/2024\/08\/Gallery-4-600x900.jpeg 600w\" sizes=\"auto, (max-width: 480px) 100vw, 480px\" \/><\/a><a href=\"http:\/\/localhost\/wp-content\/uploads\/2024\/08\/Gallery-5.jpeg\" class=\"i-5 swipebox lte-gallery swiper-slide\"><img loading=\"lazy\" decoding=\"async\" width=\"480\" height=\"720\" src=\"https:\/\/gastroferma.com\/wp-content\/uploads\/2024\/08\/Gallery-5-480x720.jpeg\" class=\"attachment-milatte-services size-milatte-services\" alt=\"\" srcset=\"https:\/\/gastroferma.com\/wp-content\/uploads\/2024\/08\/Gallery-5-480x720.jpeg 480w, https:\/\/gastroferma.com\/wp-content\/uploads\/2024\/08\/Gallery-5-200x300.jpeg 200w, https:\/\/gastroferma.com\/wp-content\/uploads\/2024\/08\/Gallery-5-683x1024.jpeg 683w, https:\/\/gastroferma.com\/wp-content\/uploads\/2024\/08\/Gallery-5-768x1152.jpeg 768w, https:\/\/gastroferma.com\/wp-content\/uploads\/2024\/08\/Gallery-5-1024x1536.jpeg 1024w, https:\/\/gastroferma.com\/wp-content\/uploads\/2024\/08\/Gallery-5-1365x2048.jpeg 1365w, https:\/\/gastroferma.com\/wp-content\/uploads\/2024\/08\/Gallery-5-8x12.jpeg 8w, https:\/\/gastroferma.com\/wp-content\/uploads\/2024\/08\/Gallery-5-333x500.jpeg 333w, https:\/\/gastroferma.com\/wp-content\/uploads\/2024\/08\/Gallery-5-67x100.jpeg 67w, https:\/\/gastroferma.com\/wp-content\/uploads\/2024\/08\/Gallery-5-427x640.jpeg 427w, https:\/\/gastroferma.com\/wp-content\/uploads\/2024\/08\/Gallery-5-833x1250.jpeg 833w, https:\/\/gastroferma.com\/wp-content\/uploads\/2024\/08\/Gallery-5-533x800.jpeg 533w, https:\/\/gastroferma.com\/wp-content\/uploads\/2024\/08\/Gallery-5-600x900.jpeg 600w\" sizes=\"auto, (max-width: 480px) 100vw, 480px\" \/><\/a><a href=\"http:\/\/localhost\/wp-content\/uploads\/2024\/08\/Gallery-6.jpeg\" class=\"i-6 swipebox lte-gallery swiper-slide\"><img loading=\"lazy\" decoding=\"async\" width=\"500\" height=\"667\" src=\"https:\/\/gastroferma.com\/wp-content\/uploads\/2024\/08\/Gallery-6-500x667.jpeg\" class=\"attachment-milatte-services size-milatte-services\" alt=\"\" srcset=\"https:\/\/gastroferma.com\/wp-content\/uploads\/2024\/08\/Gallery-6-500x667.jpeg 500w, https:\/\/gastroferma.com\/wp-content\/uploads\/2024\/08\/Gallery-6-225x300.jpeg 225w, https:\/\/gastroferma.com\/wp-content\/uploads\/2024\/08\/Gallery-6-768x1024.jpeg 768w, https:\/\/gastroferma.com\/wp-content\/uploads\/2024\/08\/Gallery-6-1152x1536.jpeg 1152w, https:\/\/gastroferma.com\/wp-content\/uploads\/2024\/08\/Gallery-6-1536x2048.jpeg 1536w, https:\/\/gastroferma.com\/wp-content\/uploads\/2024\/08\/Gallery-6-9x12.jpeg 9w, https:\/\/gastroferma.com\/wp-content\/uploads\/2024\/08\/Gallery-6-375x500.jpeg 375w, https:\/\/gastroferma.com\/wp-content\/uploads\/2024\/08\/Gallery-6-75x100.jpeg 75w, https:\/\/gastroferma.com\/wp-content\/uploads\/2024\/08\/Gallery-6-450x600.jpeg 450w, https:\/\/gastroferma.com\/wp-content\/uploads\/2024\/08\/Gallery-6-938x1250.jpeg 938w, https:\/\/gastroferma.com\/wp-content\/uploads\/2024\/08\/Gallery-6-600x800.jpeg 600w, https:\/\/gastroferma.com\/wp-content\/uploads\/2024\/08\/Gallery-6-480x640.jpeg 480w\" sizes=\"auto, (max-width: 500px) 100vw, 500px\" \/><\/a><\/div><\/div><\/div>\t\t\t\t<\/div>\n\t\t\t\t<\/div>\n\t\t\t\t<\/div>\n\t\t\t\t<\/div>\n\t\t<div class=\"elementor-element elementor-element-32fc893 e-flex e-con-boxed e-con e-parent\" data-id=\"32fc893\" data-element_type=\"container\" data-settings=\"{&quot;background_background&quot;:&quot;classic&quot;}\">\n\t\t\t\t\t<div class=\"e-con-inner\">\n\t\t\t\t<div class=\"elementor-element elementor-element-b8406cd lte-heading-align-center elementor-widget__width-initial lte-watermark-offset-1 elementor-widget elementor-widget-lte-header\" data-id=\"b8406cd\" data-element_type=\"widget\" data-widget_type=\"lte-header.default\">\n\t\t\t\t<div class=\"elementor-widget-container\">\n\t\t\t\t\t<div class=\"lte-heading lte-style-header-subheader has-subheader heading-tag-h2 heading-subtag-h6\"><div class=\"lte-heading-content\"><h6 class=\"lte-subheader\">Tradi\u021bia dovedit de secole<\/h6><h2 class=\"lte-header\">Descoper\u0103 gustul natural de cascavaluri cu noi<\/h2><\/div><\/div>\t\t\t\t<\/div>\n\t\t\t\t<\/div>\n\t\t\t\t<div class=\"elementor-element elementor-element-6828682 elementor-widget__width-initial lte-icons-align-mobile-center lte-style-grid-disabled elementor-widget elementor-widget-lte-icons\" data-id=\"6828682\" data-element_type=\"widget\" data-widget_type=\"lte-icons.default\">\n\t\t\t\t<div class=\"elementor-widget-container\">\n\t\t\t\t\t<ul class=\"lte-block-icon has-descr icons-count-3 lte-icon-space-md lte-icon-shape-default lte-icon-background-disabled lte-icon-grid-background-disabled lte-icon-color-main lte-icon-divider-disabled lte-icon-size-small lte-header-color-default lte-icon-type-top lte-icon-align- lte-hover-animation-yes layout-responsive lte-additional-\"><li class=\"col-xl-3 col-lg-3 col-md-6 col-sm-6 col-ms-6 col-xs-12\"><div   class=\"lte-inner\"><i aria-hidden=\"true\" class=\"icon icon-call-3\"><\/i><span class=\"lte-icon-content\"> <span class=\"lte-header lte-h5\"> Telefon: <\/span> <span class=\"lte-descr\">068003118<br \/>\n078555525<br \/>\n<\/span><\/span><\/div><\/li><li class=\"col-xl-3 col-lg-3 col-md-6 col-sm-6 col-ms-6 col-xs-12\"><div   class=\"lte-inner\"><i aria-hidden=\"true\" class=\"icon icon-field\"><\/i><span class=\"lte-icon-content\"> <span class=\"lte-header lte-h5\"> Adresa: <\/span> <span class=\"lte-descr\">r-l Dub\u0103sari, com. Cosni\u021ba, sat. Pohrebea, str. Terentiev Gheorghe 29<br \/>\n<\/span><\/span><\/div><\/li><li class=\"col-xl-3 col-lg-3 col-md-6 col-sm-6 col-ms-6 col-xs-12\"><div   class=\"lte-inner\"><i aria-hidden=\"true\" class=\"icon icon-open-mail\"><\/i><span class=\"lte-icon-content\"> <span class=\"lte-header lte-h5\"> E-mail: <\/span> <span class=\"lte-descr\">fromagerie.gastroferma@gmail.com<\/span><\/span><\/div><\/li><\/ul>\t\t\t\t<\/div>\n\t\t\t\t<\/div>\n\t\t\t\t\t<\/div>\n\t\t\t\t<\/div>\n\t\t\t\t<\/div>","protected":false},"excerpt":{"rendered":"<p>\u041d\u0430\u0448\u0430 \u0441\u044b\u0440\u043e\u0434\u0435\u043b\u044c\u043d\u044f \u2014 \u044d\u0442\u043e \u043d\u0435 \u0442\u043e\u043b\u044c\u043a\u043e \u043f\u0440\u043e\u0438\u0437\u0432\u043e\u0434\u0441\u0442\u0432\u043e, \u043d\u043e \u0438 \u0436\u0438\u0432\u043e\u043f\u0438\u0441\u043d\u043e\u0435 \u043c\u0435\u0441\u0442\u043e \u0434\u043b\u044f \u043f\u043e\u0441\u0435\u0449\u0435\u043d\u0438\u0439. \u041f\u0440\u0438\u0433\u0430\u0448\u0430\u0435\u043c \u0432\u0430\u0441 \u0432 \u0433\u043e\u0441\u0442\u0438! \u0422\u0440\u0430\u0434\u0438\u0446\u0438\u0438 \u043f\u0440\u043e\u0432\u0435\u0440\u0435\u043d\u043d\u044b\u0435 \u0432\u0435\u043a\u0430\u043c\u0438 \u041e\u0442\u043a\u0440\u043e\u0439\u0442\u0435 \u0434\u043b\u044f \u0441\u0435\u0431\u044f \u0432\u043a\u0443\u0441 \u043d\u0430\u0442\u0443\u0440\u0430\u043b\u044c\u043d\u044b\u0445 \u0441\u044b\u0440\u043e\u0432 \u0441 \u043d\u0430\u043c\u0438 \u0422\u0435\u043b\u0435\u0444\u043e\u043d: 068003118 078555525 \u0410\u0434\u0440\u0435\u0441: r-l Dub\u0103sari, com. Cosni\u021ba, sat. Pohrebea, str. Terentiev Gheorghe 29 Email: fromagerie.gastroferma@gmail.com<\/p>","protected":false},"author":1,"featured_media":42994,"parent":0,"menu_order":0,"comment_status":"closed","ping_status":"closed","template":"page-templates\/full-width.php","meta":{"footnotes":""},"class_list":["post-29531","page","type-page","status-publish","has-post-thumbnail","hentry"],"_links":{"self":[{"href":"https:\/\/gastroferma.com\/ro\/wp-json\/wp\/v2\/pages\/29531","targetHints":{"allow":["GET"]}}],"collection":[{"href":"https:\/\/gastroferma.com\/ro\/wp-json\/wp\/v2\/pages"}],"about":[{"href":"https:\/\/gastroferma.com\/ro\/wp-json\/wp\/v2\/types\/page"}],"author":[{"embeddable":true,"href":"https:\/\/gastroferma.com\/ro\/wp-json\/wp\/v2\/users\/1"}],"replies":[{"embeddable":true,"href":"https:\/\/gastroferma.com\/ro\/wp-json\/wp\/v2\/comments?post=29531"}],"version-history":[{"count":26,"href":"https:\/\/gastroferma.com\/ro\/wp-json\/wp\/v2\/pages\/29531\/revisions"}],"predecessor-version":[{"id":43840,"href":"https:\/\/gastroferma.com\/ro\/wp-json\/wp\/v2\/pages\/29531\/revisions\/43840"}],"wp:featuredmedia":[{"embeddable":true,"href":"https:\/\/gastroferma.com\/ro\/wp-json\/wp\/v2\/media\/42994"}],"wp:attachment":[{"href":"https:\/\/gastroferma.com\/ro\/wp-json\/wp\/v2\/media?parent=29531"}],"curies":[{"name":"wp","href":"https:\/\/api.w.org\/{rel}","templated":true}]}}