{"id":43811,"date":"2025-03-20T21:11:59","date_gmt":"2025-03-20T18:11:59","guid":{"rendered":"http:\/\/localhost\/?page_id=43811"},"modified":"2025-03-20T23:51:48","modified_gmt":"2025-03-20T20:51:48","slug":"terms-and-conditions","status":"publish","type":"page","link":"https:\/\/gastroferma.com\/ro\/terms-and-conditions\/","title":{"rendered":"Terms and conditions"},"content":{"rendered":"<div data-elementor-type=\"wp-page\" data-elementor-id=\"43811\" class=\"elementor elementor-43811\">\n\t\t\t\t<div class=\"elementor-element elementor-element-0ad9fbc e-flex e-con-boxed e-con e-parent\" data-id=\"0ad9fbc\" data-element_type=\"container\">\n\t\t\t\t\t<div class=\"e-con-inner\">\n\t\t\t\t<div class=\"elementor-element elementor-element-f0670c9 elementor-widget elementor-widget-text-editor\" data-id=\"f0670c9\" data-element_type=\"widget\" data-widget_type=\"text-editor.default\">\n\t\t\t\t<div class=\"elementor-widget-container\">\n\t\t\t\t\t\t\t\t\t<h3 class=\"s4\" style=\"text-align: center;\"><span class=\"s2\">TERMENI \u0218I CONDI\u021aII <\/span><span class=\"s3\"><br \/><\/span><\/h3><p class=\"s7\"><span class=\"s3\"><br \/><\/span><span class=\"s5\">Prezen\u021bii Termeni \u0219i Condi\u021bii de utilizare a magazinului online <\/span><span class=\"s6\">www.<\/span><span class=\"s6\">gastroferma<\/span><span class=\"s6\">.<\/span><span class=\"s6\">com<\/span><span class=\"s5\"> sunt aplicabile comenzilor pentru achizi\u021bionarea produselor\/serviciilor oferite de compania <\/span><span class=\"s6\">\u201e<\/span><span class=\"s6\">Amorus<\/span><span class=\"s6\">Tur Rural\u201d<\/span><span class=\"s6\"> SRL <\/span><span class=\"s5\">prin intermediul site-ului. <\/span><span class=\"s6\">Prin intermediul magazinului online <\/span><a href=\"http:\/\/www.gastroferma.md\/\"><span class=\"s8\">www.gastroferma.md<\/span><\/a><span class=\"s6\"> pot fi achizi\u021bionate produse conform prezentelor Termeni \u0219i Condi\u021bii.\u00a0 <\/span><span class=\"s5\">Pentru folosirea \u00een bune condi\u021bii a site-ului, v\u0103 recomand\u0103m familiarizarea cu aten\u021bie a Termenilor \u0219i Condi\u021bii-lor prezentate. Ne rezerv\u0103m dreptul de a face modific\u0103ri ale acestor prevederi, f\u0103r\u0103 o notificare prealabil\u0103.<\/span><span class=\"s5\"><br \/><\/span><\/p><p class=\"s10\" style=\"text-align: center;\"><strong><span class=\"s9\">1. DISPOZI\u021aII GENERALE<\/span><\/strong><\/p><p class=\"s7\"><span class=\"s5\">Acest site este de\u021binut de <\/span><span class=\"s6\">\u201e<\/span><span class=\"s6\">Amorus<\/span><span class=\"s6\"> Tur Rural\u201d<\/span><span class=\"s6\"> SRL<\/span><span class=\"s5\"> La \u00eenregistrarea comenzii in magazinul online, Cump\u0103r\u0103torul\u00a0 accepta Termeni si Condi\u021biile de v\u00e2nzare a bunurilor\/produselor \u0219i\/sau prestare a serviciilor\u00a0 care sunt baza\u021bi pe legisla\u021bia RM (in continuare \u2013 Termeni \u0219i Condi\u021bii) prezentate mai jos.<\/span><\/p><p class=\"s7\"><span class=\"s5\">Utilizarea website-ului presupune acceptarea Termeni si Condi\u021bii propuse de c\u0103tre <\/span><span class=\"s6\">\u201e<\/span><span class=\"s6\">Amorus<\/span><span class=\"s6\"> Tur Rural\u201d <\/span><span class=\"s6\">SRL<\/span><span class=\"s5\">, \u00een conformitate cu Legea nr.284\/2004 privind Comer\u021bul Electronic. Rela\u021biile dintre client si v\u00e2nz\u0103tor sunt stabilite \u00een baza Legii nr.105\/2003 cu privire la Protec\u021bia drepturilor consumatorului, si a altor acte normative adoptate \u00een conformitate cu aceasta.<\/span><\/p><p class=\"s7\"><span class=\"s5\">V\u00e2nz\u0103torul \u00ee\u0219i rezerva dreptul de a modifica Termenii si Condi\u021biile date, iar Cump\u0103r\u0103torul este obligat sa monitorizeze modific\u0103rile.<\/span><\/p><p class=\"s11\" style=\"text-align: center;\"><strong><span class=\"s9\">2. PROTEC\u021aIA DATELOR CU CARACTER PERSONAL<\/span><\/strong><\/p><p class=\"s11\"><span class=\"s5\">Prin utilizarea site-ului www.<\/span><span class=\"s5\">gastroferma<\/span><span class=\"s5\">.<\/span><span class=\"s5\">com<\/span><span class=\"s5\"> , sunte\u021bi de acord \u00een mod automat cu colectarea \u0219i prelucrarea datelor cu caracter personal, care sunt necesare pentru procesarea\/confirmarea\/executarea comenzilor.<\/span><\/p><p class=\"s12\"><span class=\"s5\">Datele personale se prelucreaz\u0103 doar pentru scopuri legitime, precum acela de a furniza produsele pe care le comanzi, promo\u021bii, google analytics, cookies \u0219i notific\u0103ri\\newsletter.<\/span><\/p><p class=\"s12\"><span class=\"s5\">Toat\u0103 informa\u021bia ce con\u021bine date cu caracter personal este stocat\u0103 \u0219i utilizat\u0103 doar pentru perioada necesar\u0103 atingerii scopurilor pentru care a fost colectat\u0103 \u0219i \u00een conformitate cu prevederile stabilite de Legea nr. 133\/2011 privind protec\u021bia datelor cu caracter personal.<\/span><\/p><p class=\"s12\"><span class=\"s5\">Noi folosim m\u0103suri de securitate comerciale pentru a preveni accesul neautorizat, men\u021binerea exactit\u0103\u021bii date-lor \u0219i pentru asigurarea utiliz\u0103rii corecte a informa\u021biei de pe site. Transmiterea datelor pe internet sau prin re\u021bea wireless nu poate fi protejata \u00een totalitate. Prin urmare, la fel ca alte companii, noi nu putem garanta securitatea informa\u021biei pe care o ofer\u0103 Cump\u0103r\u0103torului, astfel, el va face acest lucru pe propria r\u0103spundere.<\/span><\/p><p class=\"s14\" style=\"text-align: center;\"><strong><span class=\"s13\">3. \u00ceNREGISTRAREA \u0218I ACHITAREA COMENZII<\/span><\/strong><\/p><p class=\"s15\"><span class=\"s6\">Cump\u0103r\u0103turile \u00een magazinul online pot fi achitate prin plata \u00een numerar, prin ordin de plat\u0103 sau online.<\/span><\/p><p class=\"s15\"><span class=\"s16\">3.1. Achitare \u00een numerar<\/span><\/p><p class=\"s15\"><span class=\"s6\">Plata \u00een numerar poate fi efectuat\u0103 doar pentru comenzile din Chi\u0219in\u0103u. Plata se realizeaz\u0103 \u00een moneda na\u021bional\u0103. Drept confirmare a achit\u0103rii, eliber\u0103m bon de cas\u0103.<\/span><\/p><p class=\"s15\"><span class=\"s16\">3.2. Achitare prin transfer<\/span><\/p><p class=\"s15\"><span class=\"s6\">Plata f\u0103r\u0103 numerar se realizeaz\u0103 \u00een modul urm\u0103tor: dup\u0103 perfectarea comenzii, managerul va expedia pe adresa Dvs electronic\u0103 un cont-factur\u0103, pe care-l pute\u021bi achita la filial\u0103 oric\u0103rei b\u0103nci sau din contul bancar al companiei Dvs. Pentru persoanele juridice, pachetul de documente necesar este prezentat odat\u0103 cu produsul. Livrarea se face numai dup\u0103 achitarea integral\u0103 a comenzii.<\/span><\/p><p class=\"s15\"><span class=\"s16\">3.3. Achitarea cu portofelul Paynet<\/span><\/p><p class=\"s15\"><span class=\"s6\">Orice comand\u0103 \u00een magazinul online poate fi achitat\u0103 cu portofelul electronic Paynet. La achitare ve\u021bi fi redirec\u021bionat automat c\u0103tre sistemul Paynet, care asigur\u0103 protec\u021bia tranzac\u021biei. \u00cenainte de achitare de dorit s\u0103 v\u0103 asigura\u021bi la operatorii no\u0219tri ca marfa selectat\u0103 s\u0103 fie \u00een stoc.<\/span><\/p><p class=\"s14\" style=\"text-align: center;\"><span class=\"s13\"><strong>4. LIVRAREA PRODUSELOR \/ M\u0102RFURILOR \/ SERVICIILOR<\/strong> <\/span><\/p><p class=\"s17\"><span class=\"s6\">Dup\u0103 \u00eenregistrarea comenzii, cump\u0103r\u0103torului i se ofer\u0103 informa\u021bia privind data preconizat\u0103 de transmitere a comenzii de c\u0103tre curieri \/ serviciul de livrare. <\/span><\/p><p class=\"s18\"><span class=\"s6\">1<\/span><span class=\"s6\">. <\/span><span class=\"s6\">Livrarea m\u0103rfurilor \u00een Municipiul Chi\u0219in\u0103u &#8212; <\/span><span class=\"s6\">l<\/span><span class=\"s6\">ivrarea \u00een <\/span><span class=\"s6\">mun.Chisinau<\/span><span class=\"s6\"> se achit\u0103 separat curierului la primirea comenzii, conform tarifului serviciului de <\/span><span class=\"s6\">curierat.<\/span><span class=\"s5\">La primirea produselor, v\u0103 rug\u0103m \u00een prezen\u021ba curierului s\u0103 verifica\u021bi integritatea ambalajului, prezen\u021ba bonului fiscal. Orice preten\u021bie ulterioar\u0103 cu privire la aceste aspecte nu vor fi acceptate.<\/span><\/p><p class=\"s14\" style=\"text-align: center;\"><strong><span class=\"s13\">5. DREPTUL LA RETUR \u00a0<\/span><\/strong><\/p><p class=\"s20\"><span class=\"s6\">Cump\u0103r\u0103torul are dreptul de a refuza Produsul \u00een orice moment \u00eenainte de predarea acestuia. <\/span><span class=\"s6\">Bunurile de bun\u0103 calitate, odat\u0103 primite de Cump\u0103r\u0103tor, nu pot fi returnate (schimbate). <\/span><span class=\"s6\">In cazul in care <\/span><span class=\"s6\">Cump\u0103r\u0103torul<\/span> <span class=\"s6\">descoper\u0103<\/span><span class=\"s6\"> un Produs de o calitate <\/span><span class=\"s6\">necorespunz\u0103toare<\/span> <span class=\"s6\">dup\u0103<\/span><span class=\"s6\"> ce l-a primit, <\/span><span class=\"s6\">Cump\u0103r\u0103torul<\/span><span class=\"s6\"> este obligat sa <\/span><span class=\"s6\">anun\u021be<\/span><span class=\"s6\"> imediat magazinul online despre acest lucru, <\/span><span class=\"s6\">furniz\u00e2nd<\/span> <span class=\"s6\">num\u0103rul<\/span><span class=\"s6\"> Comenzii si, daca este posibil, sa <\/span><span class=\"s6\">trimit\u0103<\/span><span class=\"s6\"> o fotografie a Produsului defect.<\/span><\/p><p class=\"s20\"><span class=\"s6\">Dac\u0103 cerin\u021bele Cump\u0103r\u0103torului sunt justificate, V\u00e2nz\u0103torul, la cererea Cump\u0103r\u0103torului, pe cheltuiala sa, efectueaz\u0103: &#8212; schimbul de Bunuri de calitate necorespunz\u0103toare, dac\u0103 este disponibil\u0103, cu una similar\u0103 de calitate adecvat\u0103; &#8212; rambursarea costului Produselor de calitate sc\u0103zut\u0103.<\/span><\/p><p class=\"s20\"><span class=\"s6\">Returul (schimbul) Bunurilor de calitate necorespunz\u0103toare se efectueaz\u0103 de c\u0103tre Cump\u0103r\u0103tor \u00eentr-o manier\u0103 similar\u0103 cu achizi\u021bionarea Bunurilor sau \u00eentr-un alt mod convenit suplimentar \u00eentre Cump\u0103r\u0103tor \u0219i magazinul online, pe cheltuiala magazinului online.<\/span><\/p><p class=\"s20\"><span class=\"s6\">Dac\u0103 un Produs este returnat de o calitate necorespunz\u0103toare, magazinul online va returna fonduri \u00een valoare de costul unui astfel de Produs \u00een termen de 7 zile lucr\u0103toare dup\u0103 ce magazinul online prime\u0219te Produsul returnat.<\/span><\/p><p class=\"s19\"><span class=\"s13\">Conform no\u021biunii din Legea nr. 105-XV din 13 martie 2013 privind protec\u021bia consumatorilor <\/span><span class=\"s21\">Cump\u0103r\u0103torul are dreptul de a returna produs\/marfa procurat\u0103 din anumite motive \u00een timp de 14 zile de la ziua achit\u0103rii. Mijloacele b\u0103ne\u0219ti sunt returnate pe cardul de pe care s-a efectuat cump\u0103r\u0103tura.<\/span><\/p><p class=\"s22\" style=\"text-align: center;\"><span class=\"s9\"><br \/><\/span><strong><span class=\"s9\">6<\/span><span class=\"s9\">. <\/span><span class=\"s13\">D<\/span><span class=\"s13\">ATELE DE CONTACT<\/span><\/strong><\/p><p class=\"s22\"><span class=\"s5\">Denumirea juridica a companiei: <\/span><a name=\"_Hlk178002304\"><\/a><span class=\"s13\">\u201e<\/span><span class=\"s13\">Amorus<\/span><span class=\"s13\"> Tur Rural\u201d<\/span> <span class=\"s9\">SRL<\/span><\/p><p class=\"s24\"><span class=\"s5\">IDNO: <\/span><a name=\"_Hlk178002310\"><\/a><span class=\"s6\">1016600005782<\/span><\/p><p class=\"s24\"><span class=\"s5\">Adresa juridica<\/span><span class=\"s9\">: <\/span><a name=\"_Hlk178002317\"><\/a><a href=\"https:\/\/infobiz.md\/company\/advanced?address=Dub%C4%83sari%2C%20Pohrebea%2C%20str.%20Sf%C3%AEntul%20Alexei%2C%2020\"><span class=\"s25\">Dub\u0103sari, Pohrebea, str. Sf\u00eentul Alexei, 20<\/span><\/a><\/p><p class=\"s24\"><span class=\"s5\">Adresa fizica: <\/span><a name=\"_Hlk178002322\"><\/a><span class=\"s9\">r-l Dub\u0103sari, com. Cosni\u021ba, sat. Pohrebea, str. Terentiev Gheorghe 29<\/span><span class=\"s5\"><br \/><\/span><span class=\"s5\">Telefon de contact:<\/span> <a name=\"_Hlk178002327\"><\/a><span class=\"s9\">068003118\/078555525<\/span><\/p><p class=\"s24\"><span class=\"s5\">Email de contact: <\/span><a name=\"_Hlk178002333\"><\/a><span class=\"s9\">fromagerie.gastroferma@gmail.com<\/span><\/p>\t\t\t\t\t\t\t\t<\/div>\n\t\t\t\t<\/div>\n\t\t\t\t\t<\/div>\n\t\t\t\t<\/div>\n\t\t\t\t<\/div>","protected":false},"excerpt":{"rendered":"<p>TERMENI \u0218I CONDI\u021aII Prezen\u021bii Termeni \u0219i Condi\u021bii de utilizare a magazinului online www.gastroferma.com sunt aplicabile comenzilor pentru achizi\u021bionarea produselor\/serviciilor oferite de compania \u201eAmorusTur Rural\u201d SRL prin intermediul site-ului. Prin intermediul magazinului online www.gastroferma.md pot fi achizi\u021bionate produse conform prezentelor Termeni \u0219i Condi\u021bii.\u00a0 Pentru folosirea \u00een bune condi\u021bii a site-ului, v\u0103 recomand\u0103m familiarizarea cu aten\u021bie a [&hellip;]<\/p>","protected":false},"author":1,"featured_media":0,"parent":0,"menu_order":0,"comment_status":"closed","ping_status":"closed","template":"","meta":{"footnotes":""},"class_list":["post-43811","page","type-page","status-publish","hentry"],"_links":{"self":[{"href":"https:\/\/gastroferma.com\/ro\/wp-json\/wp\/v2\/pages\/43811","targetHints":{"allow":["GET"]}}],"collection":[{"href":"https:\/\/gastroferma.com\/ro\/wp-json\/wp\/v2\/pages"}],"about":[{"href":"https:\/\/gastroferma.com\/ro\/wp-json\/wp\/v2\/types\/page"}],"author":[{"embeddable":true,"href":"https:\/\/gastroferma.com\/ro\/wp-json\/wp\/v2\/users\/1"}],"replies":[{"embeddable":true,"href":"https:\/\/gastroferma.com\/ro\/wp-json\/wp\/v2\/comments?post=43811"}],"version-history":[{"count":8,"href":"https:\/\/gastroferma.com\/ro\/wp-json\/wp\/v2\/pages\/43811\/revisions"}],"predecessor-version":[{"id":43833,"href":"https:\/\/gastroferma.com\/ro\/wp-json\/wp\/v2\/pages\/43811\/revisions\/43833"}],"wp:attachment":[{"href":"https:\/\/gastroferma.com\/ro\/wp-json\/wp\/v2\/media?parent=43811"}],"curies":[{"name":"wp","href":"https:\/\/api.w.org\/{rel}","templated":true}]}}