{"id":43875,"date":"2025-03-27T16:04:32","date_gmt":"2025-03-27T13:04:32","guid":{"rendered":"https:\/\/gastroferma.com\/?page_id=43875"},"modified":"2025-03-27T16:21:34","modified_gmt":"2025-03-27T13:21:34","slug":"delivery","status":"publish","type":"page","link":"https:\/\/gastroferma.com\/ro\/delivery\/","title":{"rendered":"Livrarea"},"content":{"rendered":"<div data-elementor-type=\"wp-page\" data-elementor-id=\"43875\" class=\"elementor elementor-43875\">\n\t\t\t\t<div class=\"elementor-element elementor-element-8dfb3db e-flex e-con-boxed e-con e-parent\" data-id=\"8dfb3db\" data-element_type=\"container\">\n\t\t\t\t\t<div class=\"e-con-inner\">\n\t\t\t\t<div class=\"elementor-element elementor-element-26d5f9c lte-heading-align-center lte-watermark-offset-1 elementor-widget elementor-widget-lte-header\" data-id=\"26d5f9c\" data-element_type=\"widget\" data-widget_type=\"lte-header.default\">\n\t\t\t\t<div class=\"elementor-widget-container\">\n\t\t\t\t\t<div class=\"lte-heading lte-style-default heading-tag-h4 heading-subtag-h6\"><div class=\"lte-heading-content\"><h4 class=\"lte-header\">Cum s\u0103 plasa\u021bi o comand\u0103<\/h4><\/div><\/div>\t\t\t\t<\/div>\n\t\t\t\t<\/div>\n\t\t\t\t<div class=\"elementor-element elementor-element-67b9c78 elementor-widget elementor-widget-text-editor\" data-id=\"67b9c78\" data-element_type=\"widget\" data-widget_type=\"text-editor.default\">\n\t\t\t\t<div class=\"elementor-widget-container\">\n\t\t\t\t\t\t\t\t\t<p>Dragi prieteni, am f\u0103cut tot posibilul pentru ca procesul de comand\u0103 a ca\u0219cavalurilor noastre artizanale s\u0103 fie c\u00e2t mai simplu \u0219i clar. Iat\u0103 c\u00e2\u021biva pa\u0219i u\u0219ori:<\/p>\t\t\t\t\t\t\t\t<\/div>\n\t\t\t\t<\/div>\n\t\t\t\t\t<\/div>\n\t\t\t\t<\/div>\n\t\t<div class=\"elementor-element elementor-element-eef5dec e-flex e-con-boxed e-con e-parent\" data-id=\"eef5dec\" data-element_type=\"container\">\n\t\t\t\t\t<div class=\"e-con-inner\">\n\t\t\t\t<div class=\"elementor-element elementor-element-355667c elementor-widget elementor-widget-text-editor\" data-id=\"355667c\" data-element_type=\"widget\" data-widget_type=\"text-editor.default\">\n\t\t\t\t<div class=\"elementor-widget-container\">\n\t\t\t\t\t\t\t\t\t<p>1\ufe0f.<strong>Alegerea ca\u0219cavalului<\/strong><br \/>Accesa\u021bi site-ul nostru \u0219i intra\u021bi \u00een sec\u021biunea <strong>\u201eMagazin\u201d<\/strong> , unde pute\u021bi alege br\u00e2nza care v\u0103 place cel mai mult.<\/p><p>2\ufe0f.<strong>Alegerea por\u021biei<\/strong><br \/>Pentru fiecare tip de ca\u0219caval sunt disponibile op\u021biuni de selec\u021bie a por\u021biei.<\/p><p>3\ufe0f.<strong>Verificarea comenzii \u0219i plata<\/strong><br \/>Accesa\u021bi co\u0219ul pentru a v\u0103 asigura c\u0103:<br \/>\u2714\ufe0f a\u021bi selectat tipurile de ca\u0219cavaluri dorite<br \/>\u2714\ufe0f greutatea \u0219i cantitatea sunt corect indicate<br \/>\u2714\ufe0f suma total\u0103 de plat\u0103 este afi\u0219at\u0103 corect<\/p><p>Comanda poate fi achitat\u0103 <strong>online prin <\/strong><strong>Paynet,<\/strong> cu card Visa sau MasterCard.<\/p><p>4\ufe0f.<strong>Livrarea<\/strong><br \/>\ud83d\ude9b <strong>Livrarea se efectueaz\u0103 doar \u00een Chi\u0219in\u0103u,<\/strong> \u00een zilele de mar\u021bi \u0219i joi.<br \/>\ud83d\udcb0 Costul livr\u0103rii <strong>nu este inclus<\/strong> \u00een pre\u021bul comenzii \u0219i se achit\u0103 <strong>separat curierului la livrare.<\/strong>.<br \/>\ud83d\udcb5 \u00cen func\u021bie de distan\u021ba fa\u021b\u0103 de centrul ora\u0219ului, taxa de livrare variaz\u0103 \u00eentre <strong>60 \u0219i 100 lei.<\/strong>.<br \/>\ud83d\udcde Curierul v\u0103 va contacta \u00een prealabil pentru a confirma adresa \u0219i ora livr\u0103rii.<\/p><p>5\ufe0f.<strong>\u00centreb\u0103ri suplimentare \u0219i comenzi mai mari<\/strong><br \/>Dac\u0103 ave\u021bi \u00eentreb\u0103ri sau dori\u021bi s\u0103 plasa\u021bi <strong>o comand\u0103 de volum mai mare<\/strong>v\u0103 rug\u0103m s\u0103 ne contacta\u021bi prin orice metod\u0103 convenabil\u0103<\/p><p>Suntem \u00eentotdeauna bucuro\u0219i s\u0103 v\u0103 ajut\u0103m! \ud83d\udc9b\ud83e\uddc0<\/p>\t\t\t\t\t\t\t\t<\/div>\n\t\t\t\t<\/div>\n\t\t\t\t\t<\/div>\n\t\t\t\t<\/div>\n\t\t<div class=\"elementor-element elementor-element-605819c e-flex e-con-boxed e-con e-parent\" data-id=\"605819c\" data-element_type=\"container\">\n\t\t\t\t\t<div class=\"e-con-inner\">\n\t\t\t\t<div class=\"elementor-element elementor-element-e130423 elementor-widget__width-initial lte-icons-align-mobile-center lte-icons-align-left lte-style-grid-disabled elementor-widget elementor-widget-lte-icons\" data-id=\"e130423\" data-element_type=\"widget\" data-widget_type=\"lte-icons.default\">\n\t\t\t\t<div class=\"elementor-widget-container\">\n\t\t\t\t\t<ul class=\"lte-block-icon has-descr icons-count-3 lte-icon-space-md lte-icon-shape-default lte-icon-background-disabled lte-icon-grid-background-disabled lte-icon-color-main lte-icon-divider-disabled lte-icon-size-small lte-header-color-default lte-icon-type-top lte-icon-align-left lte-hover-animation-yes layout-responsive lte-additional-\"><li class=\"col-xl-3 col-lg-3 col-md-6 col-sm-6 col-ms-6 col-xs-12\"><div   class=\"lte-inner\"><i aria-hidden=\"true\" class=\"icon icon-call-3\"><\/i><span class=\"lte-icon-content\"> <span class=\"lte-header lte-h5\"> \u00a0Telefon: <\/span> <span class=\"lte-descr\">068003118<br \/>\n078555525<br \/>\n<\/span><\/span><\/div><\/li><li class=\"col-xl-3 col-lg-3 col-md-6 col-sm-6 col-ms-6 col-xs-12\"><div   class=\"lte-inner\"><i aria-hidden=\"true\" class=\"icon icon-field\"><\/i><span class=\"lte-icon-content\"> <span class=\"lte-header lte-h5\"> Adresa: <\/span> <span class=\"lte-descr\">r-l Dub\u0103sari, com. Cosni\u021ba, sat. Pohrebea, str. Terentiev Gheorghe 29<br \/>\n<\/span><\/span><\/div><\/li><li class=\"col-xl-3 col-lg-3 col-md-6 col-sm-6 col-ms-6 col-xs-12\"><div   class=\"lte-inner\"><i aria-hidden=\"true\" class=\"icon icon-open-mail\"><\/i><span class=\"lte-icon-content\"> <span class=\"lte-header lte-h5\"> E-mail: <\/span> <span class=\"lte-descr\">fromagerie.gastroferma@gmail.com<\/span><\/span><\/div><\/li><\/ul>\t\t\t\t<\/div>\n\t\t\t\t<\/div>\n\t\t\t\t\t<\/div>\n\t\t\t\t<\/div>\n\t\t\t\t<\/div>","protected":false},"excerpt":{"rendered":"","protected":false},"author":1,"featured_media":0,"parent":0,"menu_order":0,"comment_status":"closed","ping_status":"closed","template":"","meta":{"footnotes":""},"class_list":["post-43875","page","type-page","status-publish","hentry"],"_links":{"self":[{"href":"https:\/\/gastroferma.com\/ro\/wp-json\/wp\/v2\/pages\/43875","targetHints":{"allow":["GET"]}}],"collection":[{"href":"https:\/\/gastroferma.com\/ro\/wp-json\/wp\/v2\/pages"}],"about":[{"href":"https:\/\/gastroferma.com\/ro\/wp-json\/wp\/v2\/types\/page"}],"author":[{"embeddable":true,"href":"https:\/\/gastroferma.com\/ro\/wp-json\/wp\/v2\/users\/1"}],"replies":[{"embeddable":true,"href":"https:\/\/gastroferma.com\/ro\/wp-json\/wp\/v2\/comments?post=43875"}],"version-history":[{"count":9,"href":"https:\/\/gastroferma.com\/ro\/wp-json\/wp\/v2\/pages\/43875\/revisions"}],"predecessor-version":[{"id":43886,"href":"https:\/\/gastroferma.com\/ro\/wp-json\/wp\/v2\/pages\/43875\/revisions\/43886"}],"wp:attachment":[{"href":"https:\/\/gastroferma.com\/ro\/wp-json\/wp\/v2\/media?parent=43875"}],"curies":[{"name":"wp","href":"https:\/\/api.w.org\/{rel}","templated":true}]}}