{"id":36911,"date":"2024-03-17T14:59:23","date_gmt":"2024-03-17T14:59:23","guid":{"rendered":"http:\/\/localhost\/?post_type=product&#038;p=36911"},"modified":"2025-04-09T20:20:01","modified_gmt":"2025-04-09T17:20:01","slug":"caprina-lactic","status":"publish","type":"product","link":"https:\/\/gastroferma.com\/ro\/produs\/caprina-lactic\/","title":{"rendered":"Caprina"},"content":{"rendered":"<p><strong>Origine: <\/strong>Estul accidental<\/p>\n<p><strong>Gust: <\/strong>Cremos delicat. Textura sa moale \u0219i catifelat\u0103 este completat\u0103 de gustul picant de boia \u0219i notele aromate ale ierburilor provensale.<\/p>\n<p><strong>Ideal cu: <\/strong>Cu p\u00e2ine proasp\u0103t\u0103, legume, vin alb sec sau miere.<\/p>","protected":false},"excerpt":{"rendered":"<p>\u041f\u0440\u043e\u0438\u0441\u0445\u043e\u0436\u0434\u0435\u043d\u0438\u0435: \u0411\u043b\u0438\u0436\u043d\u0438\u0439 \u0432\u043e\u0441\u0442\u043e\u043a \u0412\u043a\u0443\u0441: \u041d\u0435\u0436\u043d\u044b\u0439 \u0442\u0432\u043e\u0440\u043e\u0436\u043d\u044b\u0439 \u0441\u044b\u0440. \u0415\u0433\u043e \u043c\u044f\u0433\u043a\u0430\u044f \u043a\u0440\u0435\u043c\u043e\u0432\u0430\u044f \u0442\u0435\u043a\u0441\u0442\u0443\u0440\u0430 \u0434\u043e\u043f\u043e\u043b\u043d\u0435\u043d\u0430 \u043f\u0438\u043a\u0430\u043d\u0442\u043d\u044b\u043c \u0432\u043a\u0443\u0441\u043e\u043c \u043f\u0430\u043f\u0440\u0438\u043a\u0438 \u0438 \u0430\u0440\u043e\u043c\u0430\u0442\u043d\u044b\u043c\u0438 \u043d\u043e\u0442\u043a\u0430\u043c\u0438 \u043f\u0440\u043e\u0432\u0430\u043d\u0441\u043a\u0438\u0445 \u0442\u0440\u0430\u0432. \u0418\u0434\u0435\u0430\u043b\u044c\u043d\u043e \u0441: \u0441\u0432\u0435\u0436\u0438\u043c \u0445\u043b\u0435\u0431\u043e\u043c, \u043e\u0432\u043e\u0449\u0430\u043c\u0438, \u0441\u0443\u0445\u0438\u043c \u0431\u0435\u043b\u044b\u043c \u0432\u0438\u043d\u043e\u043c \u0438\u043b\u0438 \u043c\u0435\u0434\u043e\u043c.<\/p>","protected":false},"featured_media":43779,"template":"","meta":[],"product_brand":[],"product_cat":[677],"product_tag":[],"class_list":{"0":"post-36911","1":"product","2":"type-product","3":"status-publish","4":"has-post-thumbnail","6":"product_cat-mild-cheese","9":"first","10":"outofstock","11":"shipping-taxable","12":"purchasable","13":"product-type-simple"},"_links":{"self":[{"href":"https:\/\/gastroferma.com\/ro\/wp-json\/wp\/v2\/product\/36911","targetHints":{"allow":["GET"]}}],"collection":[{"href":"https:\/\/gastroferma.com\/ro\/wp-json\/wp\/v2\/product"}],"about":[{"href":"https:\/\/gastroferma.com\/ro\/wp-json\/wp\/v2\/types\/product"}],"wp:featuredmedia":[{"embeddable":true,"href":"https:\/\/gastroferma.com\/ro\/wp-json\/wp\/v2\/media\/43779"}],"wp:attachment":[{"href":"https:\/\/gastroferma.com\/ro\/wp-json\/wp\/v2\/media?parent=36911"}],"wp:term":[{"taxonomy":"product_brand","embeddable":true,"href":"https:\/\/gastroferma.com\/ro\/wp-json\/wp\/v2\/product_brand?post=36911"},{"taxonomy":"product_cat","embeddable":true,"href":"https:\/\/gastroferma.com\/ro\/wp-json\/wp\/v2\/product_cat?post=36911"},{"taxonomy":"product_tag","embeddable":true,"href":"https:\/\/gastroferma.com\/ro\/wp-json\/wp\/v2\/product_tag?post=36911"}],"curies":[{"name":"wp","href":"https:\/\/api.w.org\/{rel}","templated":true}]}}