{"id":41241,"date":"2024-08-14T17:08:23","date_gmt":"2024-08-14T17:08:23","guid":{"rendered":"http:\/\/localhost\/?post_type=product&#038;p=41241"},"modified":"2025-03-26T21:36:26","modified_gmt":"2025-03-26T18:36:26","slug":"feta","status":"publish","type":"product","link":"https:\/\/gastroferma.com\/ro\/produs\/feta\/","title":{"rendered":"Feta"},"content":{"rendered":"<p><strong>Origine:<\/strong> Grecia<\/p>\n<p><strong>Gust:<\/strong> Are o textur\u0103 delicat\u0103, u\u0219or sf\u0103r\u00e2micioas\u0103 \u0219i un gust pl\u0103cut, cremos-s\u0103rat, cu o not\u0103 subtil\u0103 de aciditate.<\/p>\n<p><strong>Ideal cu:<\/strong> Cu m\u0103sline, ro\u0219ii, verdea\u021b\u0103 \u0219i p\u00e2ine proasp\u0103t\u0103, complet\u00e2nd perfect salatele, aperitivele \u0219i preparatele la cuptor.<\/p>","protected":false},"excerpt":{"rendered":"<p>\u041f\u0440\u043e\u0438\u0441\u0445\u043e\u0436\u0434\u0435\u043d\u0438\u0435: \u0413\u0440\u0435\u0446\u0438\u044f \u0412\u043a\u0443\u0441: \u041e\u0431\u043b\u0430\u0434\u0430\u0435\u0442 \u043d\u0435\u0436\u043d\u043e\u0439, \u0441\u043b\u0435\u0433\u043a\u0430 \u0440\u0430\u0441\u0441\u044b\u043f\u0447\u0430\u0442\u043e\u0439 \u0442\u0435\u043a\u0441\u0442\u0443\u0440\u043e\u0439 \u0438 \u043f\u0440\u0438\u044f\u0442\u043d\u044b\u043c \u0441\u043b\u0438\u0432\u043e\u0447\u043d\u043e-\u0441\u043e\u043b\u0435\u043d\u044b\u043c \u0432\u043a\u0443\u0441\u043e\u043c \u0441 \u043b\u0451\u0433\u043a\u043e\u0439 \u043a\u0438\u0441\u043b\u0438\u043d\u043a\u043e\u0439. \u0418\u0434\u0435\u0430\u043b\u044c\u043d\u043e \u0441: \u041e\u043b\u0438\u0432\u043a\u0430\u043c\u0438, \u0442\u043e\u043c\u0430\u0442\u0430\u043c\u0438, \u0437\u0435\u043b\u0435\u043d\u044c\u044e \u0438 \u0441\u0432\u0435\u0436\u0438\u043c \u0445\u043b\u0435\u0431\u043e\u043c, \u0430 \u0442\u0430\u043a\u0436\u0435 \u043e\u0442\u043b\u0438\u0447\u043d\u043e \u0434\u043e\u043f\u043e\u043b\u043d\u044f\u0435\u0442 \u0441\u0430\u043b\u0430\u0442\u044b, \u0437\u0430\u043a\u0443\u0441\u043a\u0438 \u0438 \u0437\u0430\u043f\u0435\u0447\u0451\u043d\u043d\u044b\u0435 \u0431\u043b\u044e\u0434\u0430.<\/p>","protected":false},"featured_media":43698,"template":"","meta":[],"product_brand":[],"product_cat":[677],"product_tag":[],"class_list":{"0":"post-41241","1":"product","2":"type-product","3":"status-publish","4":"has-post-thumbnail","6":"product_cat-mild-cheese","9":"first","10":"instock","11":"shipping-taxable","12":"purchasable","13":"product-type-variable","14":"has-default-attributes"},"_links":{"self":[{"href":"https:\/\/gastroferma.com\/ro\/wp-json\/wp\/v2\/product\/41241","targetHints":{"allow":["GET"]}}],"collection":[{"href":"https:\/\/gastroferma.com\/ro\/wp-json\/wp\/v2\/product"}],"about":[{"href":"https:\/\/gastroferma.com\/ro\/wp-json\/wp\/v2\/types\/product"}],"wp:featuredmedia":[{"embeddable":true,"href":"https:\/\/gastroferma.com\/ro\/wp-json\/wp\/v2\/media\/43698"}],"wp:attachment":[{"href":"https:\/\/gastroferma.com\/ro\/wp-json\/wp\/v2\/media?parent=41241"}],"wp:term":[{"taxonomy":"product_brand","embeddable":true,"href":"https:\/\/gastroferma.com\/ro\/wp-json\/wp\/v2\/product_brand?post=41241"},{"taxonomy":"product_cat","embeddable":true,"href":"https:\/\/gastroferma.com\/ro\/wp-json\/wp\/v2\/product_cat?post=41241"},{"taxonomy":"product_tag","embeddable":true,"href":"https:\/\/gastroferma.com\/ro\/wp-json\/wp\/v2\/product_tag?post=41241"}],"curies":[{"name":"wp","href":"https:\/\/api.w.org\/{rel}","templated":true}]}}