{"id":43711,"date":"2025-03-15T17:46:42","date_gmt":"2025-03-15T14:46:42","guid":{"rendered":"http:\/\/localhost\/?post_type=product&#038;p=43711"},"modified":"2025-03-26T17:05:28","modified_gmt":"2025-03-26T14:05:28","slug":"chedder","status":"publish","type":"product","link":"https:\/\/gastroferma.com\/ro\/produs\/chedder\/","title":{"rendered":"Cheddar"},"content":{"rendered":"<p><strong>Origine: <\/strong>Marea Britanie<strong><br \/>\n<\/strong><\/p>\n<p><strong>Gust: <\/strong>Picant, u\u0219or s\u0103rat, cu un gust intens de lapte, care devine mai bogat pe m\u0103sur\u0103 ce se matureaz\u0103.<strong><br \/>\n<\/strong><\/p>\n<p><strong>Maturare: <\/strong>De la 3 luni<\/p>\n<p><strong>Ideal cu: <\/strong>Vin ro\u0219u, mere, neci<\/p>","protected":false},"excerpt":{"rendered":"<p>\u041f\u0440\u043e\u0438\u0441\u0445\u043e\u0436\u0434\u0435\u043d\u0438\u0435: \u0412\u0435\u043b\u0438\u043a\u043e\u0431\u0440\u0438\u0442\u0430\u043d\u0438\u044f \u0412\u043a\u0443\u0441: \u041e\u0441\u0442\u0440\u044b\u0439, \u0441\u043b\u0435\u0433\u043a\u0430 \u0441\u043e\u043b\u0435\u043d\u044b\u0439, \u0441 \u044f\u0440\u043a\u0438\u043c \u043c\u043e\u043b\u043e\u0447\u043d\u044b\u043c \u0432\u043a\u0443\u0441\u043e\u043c, \u043a\u043e\u0442\u043e\u0440\u044b\u0439 \u0441\u0442\u0430\u043d\u043e\u0432\u0438\u0442\u0441\u044f \u0431\u043e\u043b\u0435\u0435 \u043d\u0430\u0441\u044b\u0449\u0435\u043d\u043d\u044b\u043c \u0441 \u0432\u043e\u0437\u0440\u0430\u0441\u0442\u043e\u043c. \u0421\u043e\u0437\u0440\u0435\u0432\u0430\u043d\u0438\u0435: \u041e\u0442 3 \u043c\u0435\u0441\u044f\u0446\u0435\u0432 \u0418\u0434\u0435\u0430\u043b\u044c\u043d\u043e \u0441: \u041a\u0440\u0430\u0441\u043d\u044b\u043c \u0432\u0438\u043d\u043e\u043c, \u044f\u0431\u043b\u043e\u043a\u0430\u043c\u0438, \u043e\u0440\u0435\u0445\u0430\u043c\u0438<\/p>","protected":false},"featured_media":43716,"template":"","meta":[],"product_brand":[],"product_cat":[629],"product_tag":[],"class_list":{"0":"post-43711","1":"product","2":"type-product","3":"status-publish","4":"has-post-thumbnail","6":"product_cat-aged-cheese","9":"first","10":"instock","11":"shipping-taxable","12":"purchasable","13":"product-type-variable","14":"has-default-attributes"},"_links":{"self":[{"href":"https:\/\/gastroferma.com\/ro\/wp-json\/wp\/v2\/product\/43711","targetHints":{"allow":["GET"]}}],"collection":[{"href":"https:\/\/gastroferma.com\/ro\/wp-json\/wp\/v2\/product"}],"about":[{"href":"https:\/\/gastroferma.com\/ro\/wp-json\/wp\/v2\/types\/product"}],"wp:featuredmedia":[{"embeddable":true,"href":"https:\/\/gastroferma.com\/ro\/wp-json\/wp\/v2\/media\/43716"}],"wp:attachment":[{"href":"https:\/\/gastroferma.com\/ro\/wp-json\/wp\/v2\/media?parent=43711"}],"wp:term":[{"taxonomy":"product_brand","embeddable":true,"href":"https:\/\/gastroferma.com\/ro\/wp-json\/wp\/v2\/product_brand?post=43711"},{"taxonomy":"product_cat","embeddable":true,"href":"https:\/\/gastroferma.com\/ro\/wp-json\/wp\/v2\/product_cat?post=43711"},{"taxonomy":"product_tag","embeddable":true,"href":"https:\/\/gastroferma.com\/ro\/wp-json\/wp\/v2\/product_tag?post=43711"}],"curies":[{"name":"wp","href":"https:\/\/api.w.org\/{rel}","templated":true}]}}