{"id":43717,"date":"2025-03-15T17:47:54","date_gmt":"2025-03-15T14:47:54","guid":{"rendered":"http:\/\/localhost\/?post_type=product&#038;p=43717"},"modified":"2025-04-09T19:23:13","modified_gmt":"2025-04-09T16:23:13","slug":"halloumi","status":"publish","type":"product","link":"https:\/\/gastroferma.com\/ro\/produs\/halloumi\/","title":{"rendered":"Halloumi"},"content":{"rendered":"<p><strong>Origine:<\/strong> Cipru<br \/>\n<strong>Gust:<\/strong> Moale, u\u0219or s\u0103rat, cu o textur\u0103 cremoas\u0103. La pr\u0103jire sau la gr\u0103tar cap\u0103t\u0103 o crust\u0103 crocant\u0103 caracteristic\u0103, r\u0103m\u00e2n\u00e2nd moale \u00een interior.<br \/>\n<strong>Ideal cu:<\/strong> Cu legume, \u00een salate, cu ulei de m\u0103sline \u0219i l\u0103m\u00e2ie<\/p>","protected":false},"excerpt":{"rendered":"<p>\u041f\u0440\u043e\u0438\u0441\u0445\u043e\u0436\u0434\u0435\u043d\u0438\u0435: \u041a\u0438\u043f\u0440 \u0412\u043a\u0443\u0441: \u041c\u044f\u0433\u043a\u0438\u0439, \u0441\u043b\u0435\u0433\u043a\u0430 \u0441\u043e\u043b\u0435\u043d\u044b\u0439, \u0441 \u043a\u0440\u0435\u043c\u043e\u0432\u043e\u0439 \u0442\u0435\u043a\u0441\u0442\u0443\u0440\u043e\u0439. \u041f\u0440\u0438 \u0436\u0430\u0440\u043a\u0435 \u0438\u043b\u0438 \u0433\u0440\u0438\u043b\u0435 \u043f\u0440\u0438\u043e\u0431\u0440\u0435\u0442\u0430\u0435\u0442 \u0445\u0430\u0440\u0430\u043a\u0442\u0435\u0440\u043d\u0443\u044e \u0445\u0440\u0443\u0441\u0442\u044f\u0449\u0443\u044e \u043a\u043e\u0440\u043e\u0447\u043a\u0443, \u043e\u0441\u0442\u0430\u0432\u0430\u044f\u0441\u044c \u0432\u043d\u0443\u0442\u0440\u0438 \u043d\u0435\u0436\u043d\u044b\u043c. \u0418\u0434\u0435\u0430\u043b\u044c\u043d\u043e \u0441: \u041e\u0432\u043e\u0449\u0430\u043c\u0438, \u0432 \u0441\u0430\u043b\u0430\u0442\u0430\u0445, \u0441 \u043e\u043b\u0438\u0432\u043a\u043e\u0432\u044b\u043c \u043c\u0430\u0441\u043b\u043e\u043c \u0438 \u043b\u0438\u043c\u043e\u043d\u043e\u043c.<\/p>","protected":false},"featured_media":43718,"template":"","meta":[],"product_brand":[],"product_cat":[677],"product_tag":[],"class_list":{"0":"post-43717","1":"product","2":"type-product","3":"status-publish","4":"has-post-thumbnail","6":"product_cat-mild-cheese","9":"first","10":"instock","11":"shipping-taxable","12":"purchasable","13":"product-type-variable"},"_links":{"self":[{"href":"https:\/\/gastroferma.com\/ro\/wp-json\/wp\/v2\/product\/43717","targetHints":{"allow":["GET"]}}],"collection":[{"href":"https:\/\/gastroferma.com\/ro\/wp-json\/wp\/v2\/product"}],"about":[{"href":"https:\/\/gastroferma.com\/ro\/wp-json\/wp\/v2\/types\/product"}],"wp:featuredmedia":[{"embeddable":true,"href":"https:\/\/gastroferma.com\/ro\/wp-json\/wp\/v2\/media\/43718"}],"wp:attachment":[{"href":"https:\/\/gastroferma.com\/ro\/wp-json\/wp\/v2\/media?parent=43717"}],"wp:term":[{"taxonomy":"product_brand","embeddable":true,"href":"https:\/\/gastroferma.com\/ro\/wp-json\/wp\/v2\/product_brand?post=43717"},{"taxonomy":"product_cat","embeddable":true,"href":"https:\/\/gastroferma.com\/ro\/wp-json\/wp\/v2\/product_cat?post=43717"},{"taxonomy":"product_tag","embeddable":true,"href":"https:\/\/gastroferma.com\/ro\/wp-json\/wp\/v2\/product_tag?post=43717"}],"curies":[{"name":"wp","href":"https:\/\/api.w.org\/{rel}","templated":true}]}}