{"id":43719,"date":"2025-03-15T17:50:30","date_gmt":"2025-03-15T14:50:30","guid":{"rendered":"http:\/\/localhost\/?post_type=product&#038;p=43719"},"modified":"2025-03-17T20:21:49","modified_gmt":"2025-03-17T17:21:49","slug":"caciotta","status":"publish","type":"product","link":"https:\/\/gastroferma.com\/ro\/produs\/caciotta\/","title":{"rendered":"Caciotta"},"content":{"rendered":"<p><strong>Origine: <\/strong>Italia<\/p>\n<p><strong>Gust: <\/strong>Moale, cremos, cu u\u0219oare note de nuci. Acest\u0103 br\u00e2nz\u0103 este adesea caracterizat\u0103 printr-un gust proasp\u0103t \u0219i o textur\u0103 pl\u0103cut\u0103.<\/p>\n<p><strong>Maturare: <\/strong>De la 2 saptamani<\/p>\n<p><strong>Ideal cu: <\/strong>Fructe, miere \u0219i nuci<\/p>","protected":false},"excerpt":{"rendered":"<p>\u041f\u0440\u043e\u0438\u0441\u0445\u043e\u0436\u0434\u0435\u043d\u0438\u0435: \u0418\u0442\u0430\u043b\u0438\u044f \u0412\u043a\u0443\u0441: \u041c\u044f\u0433\u043a\u0438\u0439, \u0441\u043b\u0438\u0432\u043e\u0447\u043d\u044b\u0439, \u0441 \u043b\u0435\u0433\u043a\u0438\u043c\u0438 \u043e\u0440\u0435\u0445\u043e\u0432\u044b\u043c\u0438 \u043d\u043e\u0442\u043a\u0430\u043c\u0438. \u042d\u0442\u043e\u0442 \u0441\u044b\u0440 \u0447\u0430\u0441\u0442\u043e \u0445\u0430\u0440\u0430\u043a\u0442\u0435\u0440\u0438\u0437\u0443\u0435\u0442\u0441\u044f \u0441\u0432\u0435\u0436\u0438\u043c \u0432\u043a\u0443\u0441\u043e\u043c \u0438 \u043f\u0440\u0438\u044f\u0442\u043d\u043e\u0439 \u0442\u0435\u043a\u0441\u0442\u0443\u0440\u043e\u0439. \u0421\u043e\u0437\u0440\u0435\u0432\u0430\u043d\u0438\u0435: \u041e\u0442 2 \u043d\u0435\u0434\u0435\u043b\u044c \u0418\u0434\u0435\u0430\u043b\u044c\u043d\u043e \u0441: \u0421 \u0444\u0440\u0443\u043a\u0442\u0430\u043c\u0438, \u043c\u0435\u0434\u043e\u043c \u0438 \u043e\u0440\u0435\u0445\u0430\u043c\u0438<\/p>","protected":false},"featured_media":43724,"template":"","meta":[],"product_brand":[],"product_cat":[629],"product_tag":[],"class_list":{"0":"post-43719","1":"product","2":"type-product","3":"status-publish","4":"has-post-thumbnail","6":"product_cat-aged-cheese","9":"first","10":"instock","11":"shipping-taxable","12":"purchasable","13":"product-type-variable","14":"has-default-attributes"},"_links":{"self":[{"href":"https:\/\/gastroferma.com\/ro\/wp-json\/wp\/v2\/product\/43719","targetHints":{"allow":["GET"]}}],"collection":[{"href":"https:\/\/gastroferma.com\/ro\/wp-json\/wp\/v2\/product"}],"about":[{"href":"https:\/\/gastroferma.com\/ro\/wp-json\/wp\/v2\/types\/product"}],"wp:featuredmedia":[{"embeddable":true,"href":"https:\/\/gastroferma.com\/ro\/wp-json\/wp\/v2\/media\/43724"}],"wp:attachment":[{"href":"https:\/\/gastroferma.com\/ro\/wp-json\/wp\/v2\/media?parent=43719"}],"wp:term":[{"taxonomy":"product_brand","embeddable":true,"href":"https:\/\/gastroferma.com\/ro\/wp-json\/wp\/v2\/product_brand?post=43719"},{"taxonomy":"product_cat","embeddable":true,"href":"https:\/\/gastroferma.com\/ro\/wp-json\/wp\/v2\/product_cat?post=43719"},{"taxonomy":"product_tag","embeddable":true,"href":"https:\/\/gastroferma.com\/ro\/wp-json\/wp\/v2\/product_tag?post=43719"}],"curies":[{"name":"wp","href":"https:\/\/api.w.org\/{rel}","templated":true}]}}