{"id":43725,"date":"2025-03-15T17:51:37","date_gmt":"2025-03-15T14:51:37","guid":{"rendered":"http:\/\/localhost\/?post_type=product&#038;p=43725"},"modified":"2025-04-09T19:21:43","modified_gmt":"2025-04-09T16:21:43","slug":"suluguni","status":"publish","type":"product","link":"https:\/\/gastroferma.com\/ro\/produs\/suluguni\/","title":{"rendered":"Suluguni"},"content":{"rendered":"<p><strong>Origine: <\/strong>Georgia<strong><br \/>\n<\/strong><\/p>\n<p><strong>Gust: <\/strong>Ca\u0219caval moale, cu un gust lactat, u\u0219or s\u0103rat. Are o textur\u0103 pl\u0103cut\u0103, elastic\u0103 \u0219i un postgust u\u0219or acri\u0219or.<\/p>\n<p><strong>Ideal cu: <\/strong>Se potrive\u0219te perfect cu legume \u0219i vin alb.<\/p>","protected":false},"excerpt":{"rendered":"<p>\u041f\u0440\u043e\u0438\u0441\u0445\u043e\u0436\u0434\u0435\u043d\u0438\u0435: \u0413\u0440\u0443\u0437\u0438\u044f \u0412\u043a\u0443\u0441: \u041c\u044f\u0433\u043a\u0438\u0439 \u0441\u044b\u0440 \u0441 \u043c\u043e\u043b\u043e\u0447\u043d\u044b\u043c, \u0441\u043b\u0435\u0433\u043a\u0430 \u0441\u043e\u043b\u0435\u043d\u044b\u043c \u0432\u043a\u0443\u0441\u043e\u043c. \u041e\u043d \u043e\u0431\u043b\u0430\u0434\u0430\u0435\u0442 \u043f\u0440\u0438\u044f\u0442\u043d\u043e\u0439 \u044d\u043b\u0430\u0441\u0442\u0438\u0447\u043d\u043e\u0439 \u0442\u0435\u043a\u0441\u0442\u0443\u0440\u043e\u0439 \u0438 \u0441\u043b\u0435\u0433\u043a\u0430 \u043a\u0438\u0441\u043b\u043e\u0432\u0430\u0442\u044b\u043c \u043f\u043e\u0441\u043b\u0435\u0432\u043a\u0443\u0441\u0438\u0435\u043c. \u0418\u0434\u0435\u0430\u043b\u044c\u043d\u043e \u0441: \u041e\u0442\u043b\u0438\u0447\u043d\u043e \u0441\u043e\u0447\u0435\u0442\u0430\u0435\u0442\u0441\u044f \u0441 \u043e\u0432\u043e\u0449\u0430\u043c\u0438 \u0438 \u0431\u0435\u043b\u044b\u043c \u0432\u0438\u043d\u043e\u043c.<\/p>","protected":false},"featured_media":43726,"template":"","meta":[],"product_brand":[],"product_cat":[677],"product_tag":[],"class_list":{"0":"post-43725","1":"product","2":"type-product","3":"status-publish","4":"has-post-thumbnail","6":"product_cat-mild-cheese","9":"first","10":"instock","11":"shipping-taxable","12":"purchasable","13":"product-type-variable"},"_links":{"self":[{"href":"https:\/\/gastroferma.com\/ro\/wp-json\/wp\/v2\/product\/43725","targetHints":{"allow":["GET"]}}],"collection":[{"href":"https:\/\/gastroferma.com\/ro\/wp-json\/wp\/v2\/product"}],"about":[{"href":"https:\/\/gastroferma.com\/ro\/wp-json\/wp\/v2\/types\/product"}],"wp:featuredmedia":[{"embeddable":true,"href":"https:\/\/gastroferma.com\/ro\/wp-json\/wp\/v2\/media\/43726"}],"wp:attachment":[{"href":"https:\/\/gastroferma.com\/ro\/wp-json\/wp\/v2\/media?parent=43725"}],"wp:term":[{"taxonomy":"product_brand","embeddable":true,"href":"https:\/\/gastroferma.com\/ro\/wp-json\/wp\/v2\/product_brand?post=43725"},{"taxonomy":"product_cat","embeddable":true,"href":"https:\/\/gastroferma.com\/ro\/wp-json\/wp\/v2\/product_cat?post=43725"},{"taxonomy":"product_tag","embeddable":true,"href":"https:\/\/gastroferma.com\/ro\/wp-json\/wp\/v2\/product_tag?post=43725"}],"curies":[{"name":"wp","href":"https:\/\/api.w.org\/{rel}","templated":true}]}}