{"id":43727,"date":"2025-03-15T17:53:50","date_gmt":"2025-03-15T14:53:50","guid":{"rendered":"http:\/\/localhost\/?post_type=product&#038;p=43727"},"modified":"2025-03-17T20:21:08","modified_gmt":"2025-03-17T17:21:08","slug":"caciocavallo","status":"publish","type":"product","link":"https:\/\/gastroferma.com\/ro\/produs\/caciocavallo\/","title":{"rendered":"Caciocavallo"},"content":{"rendered":"<p><strong>Origine: <\/strong>Italia<\/p>\n<p><strong>Gust: <\/strong>Br\u00e2nz\u0103 semi-tare cu un gust bogat, u\u0219or dulceag. Pe m\u0103sur\u0103 ce se matureaz\u0103, dezvolt\u0103 note de nuc\u0103 \u0219i sm\u00e2nt\u00e2n\u0103 cu o u\u0219oar\u0103 picant\u0103.<\/p>\n<p><strong>Maturare: <\/strong>De la 5 saptamani pana la 6 luni.<\/p>\n<p><strong>Ideal cu: <\/strong>Vinuri ro\u0219ii, prosciutto, m\u0103sline, miere sau p\u00e2ine.<\/p>","protected":false},"excerpt":{"rendered":"<p>\u041f\u0440\u043e\u0438\u0441\u0445\u043e\u0436\u0434\u0435\u043d\u0438\u0435: \u0418\u0442\u0430\u043b\u0438\u044f \u0412\u043a\u0443\u0441: \u041f\u043e\u043b\u0443\u0442\u0432\u0435\u0440\u0434\u044b\u0439 \u0441\u044b\u0440 \u0441 \u043d\u0430\u0441\u044b\u0449\u0435\u043d\u043d\u044b\u043c, \u0441\u043b\u0435\u0433\u043a\u0430 \u0441\u043b\u0430\u0434\u043a\u043e\u0432\u0430\u0442\u044b\u043c \u0432\u043a\u0443\u0441\u043e\u043c. \u041f\u043e \u043c\u0435\u0440\u0435 \u0441\u043e\u0437\u0440\u0435\u0432\u0430\u043d\u0438\u044f \u043f\u0440\u0438\u043e\u0431\u0440\u0435\u0442\u0430\u0435\u0442 \u043e\u0440\u0435\u0445\u043e\u0432\u044b\u0435 \u0438 \u0441\u043b\u0438\u0432\u043e\u0447\u043d\u044b\u0435 \u043d\u043e\u0442\u043a\u0438 \u0441 \u043b\u0435\u0433\u043a\u043e\u0439 \u043f\u0438\u043a\u0430\u043d\u0442\u043d\u043e\u0441\u0442\u044c\u044e. \u0421\u043e\u0437\u0440\u0435\u0432\u0430\u043d\u0438\u0435: \u041e\u0442 5 \u043d\u0435\u0434\u0435\u043b\u044c \u0434\u043e 6 \u043c\u0435\u0441\u044f\u0446\u0435\u0432 \u0418\u0434\u0435\u0430\u043b\u044c\u043d\u043e \u0441: \u041a\u0440\u0430\u0441\u043d\u044b\u043c\u0438 \u0432\u0438\u043d\u0430\u043c\u0438, \u043f\u0440\u043e\u0448\u0443\u0442\u0442\u043e, \u043e\u043b\u0438\u0432\u043a\u0430\u043c\u0438, \u043c\u0435\u0434\u043e\u043c \u0438\u043b\u0438 \u0445\u043b\u0435\u0431\u043e\u043c.<\/p>","protected":false},"featured_media":43732,"template":"","meta":[],"product_brand":[],"product_cat":[629],"product_tag":[],"class_list":{"0":"post-43727","1":"product","2":"type-product","3":"status-publish","4":"has-post-thumbnail","6":"product_cat-aged-cheese","9":"first","10":"instock","11":"shipping-taxable","12":"purchasable","13":"product-type-variable","14":"has-default-attributes"},"_links":{"self":[{"href":"https:\/\/gastroferma.com\/ro\/wp-json\/wp\/v2\/product\/43727","targetHints":{"allow":["GET"]}}],"collection":[{"href":"https:\/\/gastroferma.com\/ro\/wp-json\/wp\/v2\/product"}],"about":[{"href":"https:\/\/gastroferma.com\/ro\/wp-json\/wp\/v2\/types\/product"}],"wp:featuredmedia":[{"embeddable":true,"href":"https:\/\/gastroferma.com\/ro\/wp-json\/wp\/v2\/media\/43732"}],"wp:attachment":[{"href":"https:\/\/gastroferma.com\/ro\/wp-json\/wp\/v2\/media?parent=43727"}],"wp:term":[{"taxonomy":"product_brand","embeddable":true,"href":"https:\/\/gastroferma.com\/ro\/wp-json\/wp\/v2\/product_brand?post=43727"},{"taxonomy":"product_cat","embeddable":true,"href":"https:\/\/gastroferma.com\/ro\/wp-json\/wp\/v2\/product_cat?post=43727"},{"taxonomy":"product_tag","embeddable":true,"href":"https:\/\/gastroferma.com\/ro\/wp-json\/wp\/v2\/product_tag?post=43727"}],"curies":[{"name":"wp","href":"https:\/\/api.w.org\/{rel}","templated":true}]}}