{"id":43733,"date":"2025-03-15T17:55:35","date_gmt":"2025-03-15T14:55:35","guid":{"rendered":"http:\/\/localhost\/?post_type=product&#038;p=43733"},"modified":"2025-03-17T20:21:29","modified_gmt":"2025-03-17T17:21:29","slug":"pesto","status":"publish","type":"product","link":"https:\/\/gastroferma.com\/ro\/produs\/pesto\/","title":{"rendered":"Pesto"},"content":{"rendered":"<p><strong>Origine: <\/strong>Italia<\/p>\n<p><strong>Gust: <\/strong>Delicat, cremos, cu note intense de busuioc, completate de o u\u0219oar\u0103 picant\u0103. Se remarc\u0103 prin prospe\u021bime \u0219i un arom\u0103 bogat\u0103.<\/p>\n<p><strong>Maturare: <\/strong>De la 6 s\u0103pt\u0103m\u00e2ni<\/p>\n<p><strong>Ideal cu: <\/strong>Cu vin alb, biscui\u021bi s\u0103ra\u021bi, legume proaspete \u0219i ulei de m\u0103sline.<\/p>","protected":false},"excerpt":{"rendered":"<p>\u041f\u0440\u043e\u0438\u0441\u0445\u043e\u0436\u0434\u0435\u043d\u0438\u0435: \u0418\u0442\u0430\u043b\u0438\u044f \u0412\u043a\u0443\u0441: \u041d\u0435\u0436\u043d\u044b\u0439, \u0441\u043b\u0438\u0432\u043e\u0447\u043d\u044b\u0439, \u0441 \u044f\u0440\u043a\u0438\u043c\u0438 \u043d\u043e\u0442\u043a\u0430\u043c\u0438 \u0431\u0430\u0437\u0438\u043b\u0438\u043a\u0430, \u0434\u043e\u043f\u043e\u043b\u043d\u0435\u043d\u043d\u044b\u043c\u0438 \u043b\u0435\u0433\u043a\u043e\u0439 \u043f\u0438\u043a\u0430\u043d\u0442\u043d\u043e\u0441\u0442\u044c\u044e. \u041e\u0442\u043b\u0438\u0447\u0430\u0435\u0442\u0441\u044f \u0441\u0432\u0435\u0436\u0435\u0441\u0442\u044c\u044e \u0438 \u043d\u0430\u0441\u044b\u0449\u0435\u043d\u043d\u044b\u043c \u0430\u0440\u043e\u043c\u0430\u0442\u043e\u043c. \u0421\u043e\u0437\u0440\u0435\u0432\u0430\u043d\u0438\u0435: \u041e\u0442 6 \u043d\u0435\u0434\u0435\u043b\u044c \u0418\u0434\u0435\u0430\u043b\u044c\u043d\u043e \u0441: \u0411\u0435\u043b\u044b\u043c \u0432\u0438\u043d\u043e\u043c, \u043a\u0440\u0435\u043a\u0435\u0440\u0430\u043c\u0438, \u0441\u0432\u0435\u0436\u0438\u043c\u0438 \u043e\u0432\u043e\u0449\u0430\u043c\u0438 \u0438 \u043e\u043b\u0438\u0432\u043a\u043e\u0432\u044b\u043c \u043c\u0430\u0441\u043b\u043e\u043c.<\/p>","protected":false},"featured_media":43738,"template":"","meta":[],"product_brand":[],"product_cat":[629],"product_tag":[],"class_list":{"0":"post-43733","1":"product","2":"type-product","3":"status-publish","4":"has-post-thumbnail","6":"product_cat-aged-cheese","9":"first","10":"instock","11":"shipping-taxable","12":"purchasable","13":"product-type-variable","14":"has-default-attributes"},"_links":{"self":[{"href":"https:\/\/gastroferma.com\/ro\/wp-json\/wp\/v2\/product\/43733","targetHints":{"allow":["GET"]}}],"collection":[{"href":"https:\/\/gastroferma.com\/ro\/wp-json\/wp\/v2\/product"}],"about":[{"href":"https:\/\/gastroferma.com\/ro\/wp-json\/wp\/v2\/types\/product"}],"wp:featuredmedia":[{"embeddable":true,"href":"https:\/\/gastroferma.com\/ro\/wp-json\/wp\/v2\/media\/43738"}],"wp:attachment":[{"href":"https:\/\/gastroferma.com\/ro\/wp-json\/wp\/v2\/media?parent=43733"}],"wp:term":[{"taxonomy":"product_brand","embeddable":true,"href":"https:\/\/gastroferma.com\/ro\/wp-json\/wp\/v2\/product_brand?post=43733"},{"taxonomy":"product_cat","embeddable":true,"href":"https:\/\/gastroferma.com\/ro\/wp-json\/wp\/v2\/product_cat?post=43733"},{"taxonomy":"product_tag","embeddable":true,"href":"https:\/\/gastroferma.com\/ro\/wp-json\/wp\/v2\/product_tag?post=43733"}],"curies":[{"name":"wp","href":"https:\/\/api.w.org\/{rel}","templated":true}]}}